{"id":1559,"date":"2024-08-15T14:40:50","date_gmt":"2024-08-15T12:40:50","guid":{"rendered":"https:\/\/monasteriomadredediossevilla.com\/?page_id=1559"},"modified":"2025-12-06T18:19:26","modified_gmt":"2025-12-06T17:19:26","slug":"comunidad-madre-de-dios","status":"publish","type":"page","link":"https:\/\/monasteriomadredediossevilla.com\/en\/quienes-somos\/comunidad-madre-de-dios\/","title":{"rendered":"Comunidad Madre de Dios"},"content":{"rendered":"<div data-elementor-type=\"wp-page\" data-elementor-id=\"1559\" class=\"elementor elementor-1559\">\n\t\t\t\t\t\t<section class=\"elementor-section elementor-top-section elementor-element elementor-element-29a73ee elementor-section-height-min-height elementor-section-boxed elementor-section-height-default elementor-section-items-middle\" data-id=\"29a73ee\" data-element_type=\"section\" data-e-type=\"section\" data-settings=\"{&quot;background_background&quot;:&quot;classic&quot;}\">\n\t\t\t\t\t\t\t<div class=\"elementor-background-overlay\"><\/div>\n\t\t\t\t\t\t\t<div class=\"elementor-container elementor-column-gap-default\">\n\t\t\t\t\t<div class=\"elementor-column elementor-col-50 elementor-top-column elementor-element elementor-element-dde0ff1\" data-id=\"dde0ff1\" data-element_type=\"column\" data-e-type=\"column\">\n\t\t\t<div class=\"elementor-widget-wrap\">\n\t\t\t\t\t\t\t<\/div>\n\t\t<\/div>\n\t\t\t\t<div class=\"elementor-column elementor-col-50 elementor-top-column elementor-element elementor-element-d7af0e4\" data-id=\"d7af0e4\" data-element_type=\"column\" data-e-type=\"column\" data-settings=\"{&quot;background_background&quot;:&quot;classic&quot;}\">\n\t\t\t<div class=\"elementor-widget-wrap elementor-element-populated\">\n\t\t\t\t\t\t<div class=\"elementor-element elementor-element-75f2fe5 elementor-widget-divider--view-line elementor-widget elementor-widget-divider\" data-id=\"75f2fe5\" data-element_type=\"widget\" data-e-type=\"widget\" data-widget_type=\"divider.default\">\n\t\t\t\t<div class=\"elementor-widget-container\">\n\t\t\t\t\t\t\t<div class=\"elementor-divider\">\n\t\t\t<span class=\"elementor-divider-separator\">\n\t\t\t\t\t\t<\/span>\n\t\t<\/div>\n\t\t\t\t\t\t<\/div>\n\t\t\t\t<\/div>\n\t\t\t\t<div class=\"elementor-element elementor-element-6d87c32 elementor-widget elementor-widget-text-editor\" data-id=\"6d87c32\" data-element_type=\"widget\" data-e-type=\"widget\" data-widget_type=\"text-editor.default\">\n\t\t\t\t<div class=\"elementor-widget-container\">\n\t\t\t\t\t\t\t\t\t<section id=\"comunidad\" class=\"brz-section brz-css-aatzy\" data-uid=\"sayausmrkshjhnpkdbukerbrjwtcdcaqskmk\"><div class=\"brz-section__content brz-section--boxed brz-css-phxen brz-css-ydeqg\" data-custom-id=\"pevmmtarawbqjtjcgnkynnxekctitlrzgcfp\"><div class=\"brz-container brz-css-zpzqo\"><div class=\"brz-row__container brz-css-lvltr\" data-custom-id=\"sgnekrnynlwduitnghqvgcekihalupizrzhr\"><div class=\"brz-row brz-css-vshql brz-css-hbyax\"><div class=\"brz-columns brz-css-rixwa brz-css-rsbxr\" data-custom-id=\"ersokvghhmozfgsbnlhahgbemuuqmhkzxesb\"><div class=\"brz-column__items brz-css-gfhml brz-css-fiqvk\"><div class=\"brz-css-oicfa brz-wrapper\"><div class=\"brz-rich-text brz-css-cqdkl\" data-custom-id=\"snyuesqgoiyuhsmyjvhwkjllybsqqykgcumd\"><p class=\"brz-mb-xs-0 brz-mb-lg-20 brz-text-xs-center brz-tp-paragraph brz-mb-sm-0 brz-text-lg-left\"><span class=\"brz-cp-color7\">La fundaci\u00f3n de las monjas dominicas contemplativas naci\u00f3 de la pura necesidad de unas mujeres que volv\u00edan de la herej\u00eda al seno de la Iglesia, y lo hac\u00edan en un grado de fervor y radicalidad que buscaban, dej\u00e1ndolo todo, el seguimiento de Cristo y servirle en cuerpo y alma.\u00a0Las hermanas consagradas dentro del esp\u00edritu de Santo Domingo de Guzm\u00e1n, somos las contemplativas de la Orden, hemos escogido la mejor parte, como Mar\u00eda y, con el rostro iluminado por la oraci\u00f3n prolongada y el coraz\u00f3n ensanchado por la clausura, somos como el coraz\u00f3n y soporte de la Orden de Predicadores, seguimos a Cristo en pobreza, castidad y obediencia.\u00a0Enraizadas en la primitiva comunidad de los ap\u00f3stoles, como ellos, \u00abnos congregamos para vivir un\u00e1nimes teniendo una sola alma y un solo coraz\u00f3n en Dios\u00bb.\u00a0<\/span><\/p><p class=\"brz-mb-xs-0 brz-mb-lg-20 brz-text-xs-center brz-tp-paragraph brz-mb-sm-0 brz-text-lg-left\"><span class=\"brz-cp-color7\">Nuestra misi\u00f3n consiste en BUSCAR A DIOS en el silencio, en la asidua oraci\u00f3n de contemplaci\u00f3n y lit\u00fargica, en el trabajo, en el estudio, en la generosa penitencia, en el compartir de cada d\u00eda. Nuestra vida es una cuesti\u00f3n de Amor, un amor que exige renuncia, generosidad a la llamada de Dios, sacrificio, fidelidad&#8230; Somos piedras vivas, hostias vivas que nos ofrecemos a Dios en sacrificio, un sacrificio diario de entrega total&#8230;<\/span><\/p><\/div><\/div><\/div><\/div><\/div><\/div><\/div><\/div><\/section>\t\t\t\t\t\t\t\t<\/div>\n\t\t\t\t<\/div>\n\t\t\t\t<div class=\"elementor-element elementor-element-0ca7c02 elementor-align-right elementor-widget elementor-widget-button\" data-id=\"0ca7c02\" data-element_type=\"widget\" data-e-type=\"widget\" data-widget_type=\"button.default\">\n\t\t\t\t<div class=\"elementor-widget-container\">\n\t\t\t\t\t\t\t\t\t<div class=\"elementor-button-wrapper\">\n\t\t\t\t\t<a class=\"elementor-button elementor-button-link elementor-size-sm\" href=\"https:\/\/monasteriomadredediossevilla.com\/en\/quienes-somos\/\">\n\t\t\t\t\t\t<span class=\"elementor-button-content-wrapper\">\n\t\t\t\t\t\t<span class=\"elementor-button-icon\">\n\t\t\t\t<svg aria-hidden=\"true\" class=\"e-font-icon-svg e-fas-angle-double-left\" viewbox=\"0 0 448 512\" xmlns=\"http:\/\/www.w3.org\/2000\/svg\"><path d=\"M223.7 239l136-136c9.4-9.4 24.6-9.4 33.9 0l22.6 22.6c9.4 9.4 9.4 24.6 0 33.9L319.9 256l96.4 96.4c9.4 9.4 9.4 24.6 0 33.9L393.7 409c-9.4 9.4-24.6 9.4-33.9 0l-136-136c-9.5-9.4-9.5-24.6-.1-34zm-192 34l136 136c9.4 9.4 24.6 9.4 33.9 0l22.6-22.6c9.4-9.4 9.4-24.6 0-33.9L127.9 256l96.4-96.4c9.4-9.4 9.4-24.6 0-33.9L201.7 103c-9.4-9.4-24.6-9.4-33.9 0l-136 136c-9.5 9.4-9.5 24.6-.1 34z\"><\/path><\/svg>\t\t\t<\/span>\n\t\t\t\t\t\t\t\t<\/span>\n\t\t\t\t\t<\/a>\n\t\t\t\t<\/div>\n\t\t\t\t\t\t\t\t<\/div>\n\t\t\t\t<\/div>\n\t\t\t\t<div class=\"elementor-element elementor-element-15114ce elementor-widget-divider--view-line elementor-widget elementor-widget-divider\" data-id=\"15114ce\" data-element_type=\"widget\" data-e-type=\"widget\" data-widget_type=\"divider.default\">\n\t\t\t\t<div class=\"elementor-widget-container\">\n\t\t\t\t\t\t\t<div class=\"elementor-divider\">\n\t\t\t<span class=\"elementor-divider-separator\">\n\t\t\t\t\t\t<\/span>\n\t\t<\/div>\n\t\t\t\t\t\t<\/div>\n\t\t\t\t<\/div>\n\t\t\t\t\t<\/div>\n\t\t<\/div>\n\t\t\t\t\t<\/div>\n\t\t<\/section>\n\t\t\t\t<\/div>","protected":false},"excerpt":{"rendered":"<p>La fundaci\u00f3n de las monjas dominicas contemplativas naci\u00f3 de la pura necesidad de unas mujeres que volv\u00edan de la herej\u00eda al seno de la Iglesia, y lo hac\u00edan en un grado de fervor y radicalidad que buscaban, dej\u00e1ndolo todo, el seguimiento de Cristo y servirle en cuerpo y alma.\u00a0Las hermanas consagradas dentro del esp\u00edritu de [&hellip;]<\/p>\n","protected":false},"author":1,"featured_media":0,"parent":294,"menu_order":0,"comment_status":"closed","ping_status":"closed","template":"elementor_header_footer","meta":{"ub_ctt_via":"","ocean_post_layout":"","ocean_both_sidebars_style":"","ocean_both_sidebars_content_width":0,"ocean_both_sidebars_sidebars_width":0,"ocean_sidebar":"","ocean_second_sidebar":"","ocean_disable_margins":"enable","ocean_add_body_class":"","ocean_shortcode_before_top_bar":"","ocean_shortcode_after_top_bar":"","ocean_shortcode_before_header":"","ocean_shortcode_after_header":"","ocean_has_shortcode":"","ocean_shortcode_after_title":"","ocean_shortcode_before_footer_widgets":"","ocean_shortcode_after_footer_widgets":"","ocean_shortcode_before_footer_bottom":"","ocean_shortcode_after_footer_bottom":"","ocean_display_top_bar":"default","ocean_display_header":"default","ocean_header_style":"","ocean_center_header_left_menu":"","ocean_custom_header_template":"","ocean_custom_logo":0,"ocean_custom_retina_logo":0,"ocean_custom_logo_max_width":0,"ocean_custom_logo_tablet_max_width":0,"ocean_custom_logo_mobile_max_width":0,"ocean_custom_logo_max_height":0,"ocean_custom_logo_tablet_max_height":0,"ocean_custom_logo_mobile_max_height":0,"ocean_header_custom_menu":"","ocean_menu_typo_font_family":"","ocean_menu_typo_font_subset":"","ocean_menu_typo_font_size":0,"ocean_menu_typo_font_size_tablet":0,"ocean_menu_typo_font_size_mobile":0,"ocean_menu_typo_font_size_unit":"px","ocean_menu_typo_font_weight":"","ocean_menu_typo_font_weight_tablet":"","ocean_menu_typo_font_weight_mobile":"","ocean_menu_typo_transform":"","ocean_menu_typo_transform_tablet":"","ocean_menu_typo_transform_mobile":"","ocean_menu_typo_line_height":0,"ocean_menu_typo_line_height_tablet":0,"ocean_menu_typo_line_height_mobile":0,"ocean_menu_typo_line_height_unit":"","ocean_menu_typo_spacing":0,"ocean_menu_typo_spacing_tablet":0,"ocean_menu_typo_spacing_mobile":0,"ocean_menu_typo_spacing_unit":"","ocean_menu_link_color":"","ocean_menu_link_color_hover":"","ocean_menu_link_color_active":"","ocean_menu_link_background":"","ocean_menu_link_hover_background":"","ocean_menu_link_active_background":"","ocean_menu_social_links_bg":"","ocean_menu_social_hover_links_bg":"","ocean_menu_social_links_color":"","ocean_menu_social_hover_links_color":"","ocean_disable_title":"default","ocean_disable_heading":"default","ocean_post_title":"","ocean_post_subheading":"","ocean_post_title_style":"","ocean_post_title_background_color":"","ocean_post_title_background":0,"ocean_post_title_bg_image_position":"","ocean_post_title_bg_image_attachment":"","ocean_post_title_bg_image_repeat":"","ocean_post_title_bg_image_size":"","ocean_post_title_height":0,"ocean_post_title_bg_overlay":0.5,"ocean_post_title_bg_overlay_color":"","ocean_disable_breadcrumbs":"default","ocean_breadcrumbs_color":"","ocean_breadcrumbs_separator_color":"","ocean_breadcrumbs_links_color":"","ocean_breadcrumbs_links_hover_color":"","ocean_display_footer_widgets":"default","ocean_display_footer_bottom":"default","ocean_custom_footer_template":"","footnotes":""},"class_list":["post-1559","page","type-page","status-publish","hentry","entry"],"featured_image_src":null,"_links":{"self":[{"href":"https:\/\/monasteriomadredediossevilla.com\/en\/wp-json\/wp\/v2\/pages\/1559","targetHints":{"allow":["GET"]}}],"collection":[{"href":"https:\/\/monasteriomadredediossevilla.com\/en\/wp-json\/wp\/v2\/pages"}],"about":[{"href":"https:\/\/monasteriomadredediossevilla.com\/en\/wp-json\/wp\/v2\/types\/page"}],"author":[{"embeddable":true,"href":"https:\/\/monasteriomadredediossevilla.com\/en\/wp-json\/wp\/v2\/users\/1"}],"replies":[{"embeddable":true,"href":"https:\/\/monasteriomadredediossevilla.com\/en\/wp-json\/wp\/v2\/comments?post=1559"}],"version-history":[{"count":25,"href":"https:\/\/monasteriomadredediossevilla.com\/en\/wp-json\/wp\/v2\/pages\/1559\/revisions"}],"predecessor-version":[{"id":1972,"href":"https:\/\/monasteriomadredediossevilla.com\/en\/wp-json\/wp\/v2\/pages\/1559\/revisions\/1972"}],"up":[{"embeddable":true,"href":"https:\/\/monasteriomadredediossevilla.com\/en\/wp-json\/wp\/v2\/pages\/294"}],"wp:attachment":[{"href":"https:\/\/monasteriomadredediossevilla.com\/en\/wp-json\/wp\/v2\/media?parent=1559"}],"curies":[{"name":"wp","href":"https:\/\/api.w.org\/{rel}","templated":true}]}}