{"id":2243,"date":"2025-12-08T13:37:28","date_gmt":"2025-12-08T12:37:28","guid":{"rendered":"https:\/\/monasteriomadredediossevilla.com\/?page_id=2243"},"modified":"2025-12-08T13:54:42","modified_gmt":"2025-12-08T12:54:42","slug":"retablo-san-juan-bautista","status":"publish","type":"page","link":"https:\/\/monasteriomadredediossevilla.com\/en\/arte-e-historia\/retablo-san-juan-bautista\/","title":{"rendered":"Altarpiece of Saint John the Baptist"},"content":{"rendered":"<div data-elementor-type=\"wp-page\" data-elementor-id=\"2243\" class=\"elementor elementor-2243\">\n\t\t\t\t<div class=\"elementor-element elementor-element-abdff5d e-flex e-con-boxed e-con e-parent\" data-id=\"abdff5d\" data-element_type=\"container\" data-e-type=\"container\" data-settings=\"{&quot;background_background&quot;:&quot;classic&quot;}\">\n\t\t\t\t\t<div class=\"e-con-inner\">\n\t\t<div class=\"elementor-element elementor-element-43e3262 e-con-full e-flex e-con e-child\" data-id=\"43e3262\" data-element_type=\"container\" data-e-type=\"container\">\n\t\t<div class=\"elementor-element elementor-element-710df53 e-con-full e-flex e-con e-child\" data-id=\"710df53\" data-element_type=\"container\" data-e-type=\"container\">\n\t\t\t\t<div class=\"elementor-element elementor-element-b4cd27e elementor-widget-divider--view-line elementor-widget elementor-widget-divider\" data-id=\"b4cd27e\" data-element_type=\"widget\" data-e-type=\"widget\" data-widget_type=\"divider.default\">\n\t\t\t\t<div class=\"elementor-widget-container\">\n\t\t\t\t\t\t\t<div class=\"elementor-divider\">\n\t\t\t<span class=\"elementor-divider-separator\">\n\t\t\t\t\t\t<\/span>\n\t\t<\/div>\n\t\t\t\t\t\t<\/div>\n\t\t\t\t<\/div>\n\t\t\t\t<div class=\"elementor-element elementor-element-6e112c2 elementor-widget elementor-widget-text-editor\" data-id=\"6e112c2\" data-element_type=\"widget\" data-e-type=\"widget\" data-widget_type=\"text-editor.default\">\n\t\t\t\t<div class=\"elementor-widget-container\">\n\t\t\t\t\t\t\t\t\t<p class=\"translation-block\">The altarpiece of Saint John the Baptist is located adjacent to the presbytery, directly opposite the Altarpiece of Saint John the Evangelist. It dates from 1575\u20131585 and is Renaissance in style. The chapel was originally endowed by Juan Mart\u00ednez and Mar\u00eda Fern\u00e1ndez de Calder\u00f3n. The work is attributed to Miguel Ad\u00e1n, based on stylistic similarities with other altarpieces of the same period.<\/p><p class=\"translation-block\">Regarding its material composition, the architectural framework is crafted in borne wood, while the reliefs are made of pine from Segura, gilded, polychromed, and finished with estofado by Vasco de Pereira.<\/p><p>Structurally, the altarpiece is divided into two main sections: the lower register, which is the most prominent, and the attic crowning the ensemble. The lower section features a niche capped by a semicircular arch, housing a sculptural group depicting the Baptism of Christ in the Jordan. Christ is positioned at the centre, Saint John to the left performing the baptism, an archangel to the right, the Holy Spirit as a dove above them, and God the Father completing the scene above. In the spandrels of the arch are the Archangel Gabriel and the Virgin Mary, arranged to create an Annunciation motif alongside the dove and a branch of lilies, also depicted. Other iconographic elements of the altarpiece include scenes of Saint Mary of Egypt and Saint Mary Magdalene at the Baptism, the four Evangelists, the testimony of the Baptist, the Beheading of John, and King David. Above these, small figures of the Infant John (San Juanito), Zechariah, and Isaiah are depicted.<\/p><p>The main scene in the attic, crowned by a triangular pediment containing a cartouche with God the Father, depicts the Visitation of the Virgin to her cousin Saint Elizabeth.<\/p><p class=\"translation-block\">The altar frontal of the Saint John the Baptist altarpiece is executed in polychrome azulejos, featuring a base decorated with floral motifs and a white cross symbolising the Precursor. The entire front is framed by a floral border running around the rectangular panel. This work is attributed to the ceramist Roque Hern\u00e1ndez, showing strong Flemish influence, and is dated to the sixteenth century.<\/p>\t\t\t\t\t\t\t\t<\/div>\n\t\t\t\t<\/div>\n\t\t\t\t<\/div>\n\t\t\t\t<div class=\"elementor-element elementor-element-7a1741c elementor-arrows-position-outside elementor-pagination-position-outside elementor-widget elementor-widget-image-carousel\" data-id=\"7a1741c\" data-element_type=\"widget\" data-e-type=\"widget\" data-settings=\"{&quot;slides_to_show&quot;:&quot;1&quot;,&quot;navigation&quot;:&quot;both&quot;,&quot;autoplay&quot;:&quot;yes&quot;,&quot;pause_on_hover&quot;:&quot;yes&quot;,&quot;pause_on_interaction&quot;:&quot;yes&quot;,&quot;autoplay_speed&quot;:5000,&quot;infinite&quot;:&quot;yes&quot;,&quot;effect&quot;:&quot;slide&quot;,&quot;speed&quot;:500}\" data-widget_type=\"image-carousel.default\">\n\t\t\t\t<div class=\"elementor-widget-container\">\n\t\t\t\t\t\t\t<div class=\"elementor-image-carousel-wrapper swiper\" role=\"region\" aria-roledescription=\"carousel\" aria-label=\"Carrusel de im\u00e1genes\" dir=\"ltr\">\n\t\t\t<div class=\"elementor-image-carousel swiper-wrapper\" aria-live=\"off\">\n\t\t\t\t\t\t\t\t<div class=\"swiper-slide\" role=\"group\" aria-roledescription=\"slide\" aria-label=\"1 of 4\"><figure class=\"swiper-slide-inner\"><img decoding=\"async\" class=\"swiper-slide-image\" src=\"https:\/\/monasteriomadredediossevilla.com\/wp-content\/uploads\/elementor\/thumbs\/capilla-de-San-Juan-Bautista-qsn9vjon32q5mvtd48h16xk08pt7mq94n8ytj5y8e8.jpeg\" alt=\"Retablo de San Juan Bautista\" \/><figcaption class=\"elementor-image-carousel-caption\">Altarpiece of Saint John the Baptist<\/figcaption><\/figure><\/div><div class=\"swiper-slide\" role=\"group\" aria-roledescription=\"slide\" aria-label=\"2 of 4\"><figure class=\"swiper-slide-inner\"><img decoding=\"async\" class=\"swiper-slide-image\" src=\"https:\/\/monasteriomadredediossevilla.com\/wp-content\/uploads\/elementor\/thumbs\/IMG_5965-scaled-rfrl36trqad2099dz7sjwe2ly8v7ass93zdg4otmo0.jpg\" alt=\"Parte inferior del retablo\" \/><figcaption class=\"elementor-image-carousel-caption\">Lower section of the altarpiece.<\/figcaption><\/figure><\/div><div class=\"swiper-slide\" role=\"group\" aria-roledescription=\"slide\" aria-label=\"3 of 4\"><figure class=\"swiper-slide-inner\"><img decoding=\"async\" class=\"swiper-slide-image\" src=\"https:\/\/monasteriomadredediossevilla.com\/wp-content\/uploads\/elementor\/thumbs\/Retablo-de-San-Juan-Bautista-qsox2czhxlneo2otnsho1q8aytattmfqlsrbdkkl4w.jpg\" alt=\"Imagen central cuya iconograf\u00eda representa el Bautismo de Jes\u00fas en el Jord\u00e1n\" \/><figcaption class=\"elementor-image-carousel-caption\">Central image whose iconography represents the Baptism of Jesus in the Jordan.<\/figcaption><\/figure><\/div><div class=\"swiper-slide\" role=\"group\" aria-roledescription=\"slide\" aria-label=\"4 of 4\"><figure class=\"swiper-slide-inner\"><img decoding=\"async\" class=\"swiper-slide-image\" src=\"https:\/\/monasteriomadredediossevilla.com\/wp-content\/uploads\/elementor\/thumbs\/IMG_5984-scaled-e1765038961308-rfrlax1zx8xxgu18uk24efv1sarul7gsu8h66ld3i8.jpg\" alt=\"Azulejer\u00eda del altar\" \/><figcaption class=\"elementor-image-carousel-caption\">Tilework of the altar.<\/figcaption><\/figure><\/div>\t\t\t<\/div>\n\t\t\t\t\t\t\t\t\t\t\t\t<div class=\"elementor-swiper-button elementor-swiper-button-prev\" role=\"button\" tabindex=\"0\">\n\t\t\t\t\t\t<svg aria-hidden=\"true\" class=\"e-font-icon-svg e-eicon-chevron-left\" viewbox=\"0 0 1000 1000\" xmlns=\"http:\/\/www.w3.org\/2000\/svg\"><path d=\"M646 125C629 125 613 133 604 142L308 442C296 454 292 471 292 487 292 504 296 521 308 533L604 854C617 867 629 875 646 875 663 875 679 871 692 858 704 846 713 829 713 812 713 796 708 779 692 767L438 487 692 225C700 217 708 204 708 187 708 171 704 154 692 142 675 129 663 125 646 125Z\"><\/path><\/svg>\t\t\t\t\t<\/div>\n\t\t\t\t\t<div class=\"elementor-swiper-button elementor-swiper-button-next\" role=\"button\" tabindex=\"0\">\n\t\t\t\t\t\t<svg aria-hidden=\"true\" class=\"e-font-icon-svg e-eicon-chevron-right\" viewbox=\"0 0 1000 1000\" xmlns=\"http:\/\/www.w3.org\/2000\/svg\"><path d=\"M696 533C708 521 713 504 713 487 713 471 708 454 696 446L400 146C388 133 375 125 354 125 338 125 325 129 313 142 300 154 292 171 292 187 292 204 296 221 308 233L563 492 304 771C292 783 288 800 288 817 288 833 296 850 308 863 321 871 338 875 354 875 371 875 388 867 400 854L696 533Z\"><\/path><\/svg>\t\t\t\t\t<\/div>\n\t\t\t\t\n\t\t\t\t\t\t\t\t\t<div class=\"swiper-pagination\"><\/div>\n\t\t\t\t\t\t\t\t\t<\/div>\n\t\t\t\t\t\t<\/div>\n\t\t\t\t<\/div>\n\t\t\t\t<\/div>\n\t\t\t\t\t<\/div>\n\t\t\t\t<\/div>\n\t\t<div class=\"elementor-element elementor-element-66d7861 e-flex e-con-boxed e-con e-parent\" data-id=\"66d7861\" data-element_type=\"container\" data-e-type=\"container\" data-settings=\"{&quot;background_background&quot;:&quot;classic&quot;}\">\n\t\t\t\t\t<div class=\"e-con-inner\">\n\t\t\t\t<div class=\"elementor-element elementor-element-df30c4e elementor-align-right elementor-widget elementor-widget-button\" data-id=\"df30c4e\" data-element_type=\"widget\" data-e-type=\"widget\" data-widget_type=\"button.default\">\n\t\t\t\t<div class=\"elementor-widget-container\">\n\t\t\t\t\t\t\t\t\t<div class=\"elementor-button-wrapper\">\n\t\t\t\t\t<a class=\"elementor-button elementor-button-link elementor-size-sm\" href=\"https:\/\/monasteriomadredediossevilla.com\/en\/arte-e-historia\/\">\n\t\t\t\t\t\t<span class=\"elementor-button-content-wrapper\">\n\t\t\t\t\t\t<span class=\"elementor-button-icon\">\n\t\t\t\t<svg aria-hidden=\"true\" class=\"e-font-icon-svg e-fas-angle-double-left\" viewbox=\"0 0 448 512\" xmlns=\"http:\/\/www.w3.org\/2000\/svg\"><path d=\"M223.7 239l136-136c9.4-9.4 24.6-9.4 33.9 0l22.6 22.6c9.4 9.4 9.4 24.6 0 33.9L319.9 256l96.4 96.4c9.4 9.4 9.4 24.6 0 33.9L393.7 409c-9.4 9.4-24.6 9.4-33.9 0l-136-136c-9.5-9.4-9.5-24.6-.1-34zm-192 34l136 136c9.4 9.4 24.6 9.4 33.9 0l22.6-22.6c9.4-9.4 9.4-24.6 0-33.9L127.9 256l96.4-96.4c9.4-9.4 9.4-24.6 0-33.9L201.7 103c-9.4-9.4-24.6-9.4-33.9 0l-136 136c-9.5 9.4-9.5 24.6-.1 34z\"><\/path><\/svg>\t\t\t<\/span>\n\t\t\t\t\t\t\t\t\t<span class=\"elementor-button-text\">Return to Art and History<\/span>\n\t\t\t\t\t<\/span>\n\t\t\t\t\t<\/a>\n\t\t\t\t<\/div>\n\t\t\t\t\t\t\t\t<\/div>\n\t\t\t\t<\/div>\n\t\t\t\t<div class=\"elementor-element elementor-element-44b7756 elementor-widget-divider--view-line elementor-widget elementor-widget-divider\" data-id=\"44b7756\" data-element_type=\"widget\" data-e-type=\"widget\" data-widget_type=\"divider.default\">\n\t\t\t\t<div class=\"elementor-widget-container\">\n\t\t\t\t\t\t\t<div class=\"elementor-divider\">\n\t\t\t<span class=\"elementor-divider-separator\">\n\t\t\t\t\t\t<\/span>\n\t\t<\/div>\n\t\t\t\t\t\t<\/div>\n\t\t\t\t<\/div>\n\t\t\t\t\t<\/div>\n\t\t\t\t<\/div>\n\t\t\t\t<\/div>","protected":false},"excerpt":{"rendered":"<p>El retablo de San Juan Bautista, se halla ubicado en linde con el presbiterio y frente al retablo de San Juan Evangelista. Data del 1575-1585 de estilo renacentista, siendo la capilla adjudicada a Juan Mart\u00ednez y Mar\u00eda Fern\u00e1ndez de Calder\u00f3n. Es obra de Miguel Ad\u00e1n por diversas similitudes estil\u00edsticas con otros retablos de la misma [&hellip;]<\/p>\n","protected":false},"author":1,"featured_media":0,"parent":2168,"menu_order":0,"comment_status":"closed","ping_status":"closed","template":"elementor_header_footer","meta":{"ub_ctt_via":"","ocean_post_layout":"","ocean_both_sidebars_style":"","ocean_both_sidebars_content_width":0,"ocean_both_sidebars_sidebars_width":0,"ocean_sidebar":"","ocean_second_sidebar":"","ocean_disable_margins":"enable","ocean_add_body_class":"","ocean_shortcode_before_top_bar":"","ocean_shortcode_after_top_bar":"","ocean_shortcode_before_header":"","ocean_shortcode_after_header":"","ocean_has_shortcode":"","ocean_shortcode_after_title":"","ocean_shortcode_before_footer_widgets":"","ocean_shortcode_after_footer_widgets":"","ocean_shortcode_before_footer_bottom":"","ocean_shortcode_after_footer_bottom":"","ocean_display_top_bar":"default","ocean_display_header":"default","ocean_header_style":"","ocean_center_header_left_menu":"","ocean_custom_header_template":"","ocean_custom_logo":0,"ocean_custom_retina_logo":0,"ocean_custom_logo_max_width":0,"ocean_custom_logo_tablet_max_width":0,"ocean_custom_logo_mobile_max_width":0,"ocean_custom_logo_max_height":0,"ocean_custom_logo_tablet_max_height":0,"ocean_custom_logo_mobile_max_height":0,"ocean_header_custom_menu":"","ocean_menu_typo_font_family":"","ocean_menu_typo_font_subset":"","ocean_menu_typo_font_size":0,"ocean_menu_typo_font_size_tablet":0,"ocean_menu_typo_font_size_mobile":0,"ocean_menu_typo_font_size_unit":"px","ocean_menu_typo_font_weight":"","ocean_menu_typo_font_weight_tablet":"","ocean_menu_typo_font_weight_mobile":"","ocean_menu_typo_transform":"","ocean_menu_typo_transform_tablet":"","ocean_menu_typo_transform_mobile":"","ocean_menu_typo_line_height":0,"ocean_menu_typo_line_height_tablet":0,"ocean_menu_typo_line_height_mobile":0,"ocean_menu_typo_line_height_unit":"","ocean_menu_typo_spacing":0,"ocean_menu_typo_spacing_tablet":0,"ocean_menu_typo_spacing_mobile":0,"ocean_menu_typo_spacing_unit":"","ocean_menu_link_color":"","ocean_menu_link_color_hover":"","ocean_menu_link_color_active":"","ocean_menu_link_background":"","ocean_menu_link_hover_background":"","ocean_menu_link_active_background":"","ocean_menu_social_links_bg":"","ocean_menu_social_hover_links_bg":"","ocean_menu_social_links_color":"","ocean_menu_social_hover_links_color":"","ocean_disable_title":"default","ocean_disable_heading":"default","ocean_post_title":"","ocean_post_subheading":"","ocean_post_title_style":"","ocean_post_title_background_color":"","ocean_post_title_background":0,"ocean_post_title_bg_image_position":"","ocean_post_title_bg_image_attachment":"","ocean_post_title_bg_image_repeat":"","ocean_post_title_bg_image_size":"","ocean_post_title_height":0,"ocean_post_title_bg_overlay":0.5,"ocean_post_title_bg_overlay_color":"","ocean_disable_breadcrumbs":"default","ocean_breadcrumbs_color":"","ocean_breadcrumbs_separator_color":"","ocean_breadcrumbs_links_color":"","ocean_breadcrumbs_links_hover_color":"","ocean_display_footer_widgets":"default","ocean_display_footer_bottom":"default","ocean_custom_footer_template":"","footnotes":""},"class_list":["post-2243","page","type-page","status-publish","hentry","entry"],"featured_image_src":null,"_links":{"self":[{"href":"https:\/\/monasteriomadredediossevilla.com\/en\/wp-json\/wp\/v2\/pages\/2243","targetHints":{"allow":["GET"]}}],"collection":[{"href":"https:\/\/monasteriomadredediossevilla.com\/en\/wp-json\/wp\/v2\/pages"}],"about":[{"href":"https:\/\/monasteriomadredediossevilla.com\/en\/wp-json\/wp\/v2\/types\/page"}],"author":[{"embeddable":true,"href":"https:\/\/monasteriomadredediossevilla.com\/en\/wp-json\/wp\/v2\/users\/1"}],"replies":[{"embeddable":true,"href":"https:\/\/monasteriomadredediossevilla.com\/en\/wp-json\/wp\/v2\/comments?post=2243"}],"version-history":[{"count":31,"href":"https:\/\/monasteriomadredediossevilla.com\/en\/wp-json\/wp\/v2\/pages\/2243\/revisions"}],"predecessor-version":[{"id":2403,"href":"https:\/\/monasteriomadredediossevilla.com\/en\/wp-json\/wp\/v2\/pages\/2243\/revisions\/2403"}],"up":[{"embeddable":true,"href":"https:\/\/monasteriomadredediossevilla.com\/en\/wp-json\/wp\/v2\/pages\/2168"}],"wp:attachment":[{"href":"https:\/\/monasteriomadredediossevilla.com\/en\/wp-json\/wp\/v2\/media?parent=2243"}],"curies":[{"name":"wp","href":"https:\/\/api.w.org\/{rel}","templated":true}]}}