{"id":2273,"date":"2025-12-08T13:37:53","date_gmt":"2025-12-08T12:37:53","guid":{"rendered":"https:\/\/monasteriomadredediossevilla.com\/?page_id=2273"},"modified":"2025-12-08T13:54:18","modified_gmt":"2025-12-08T12:54:18","slug":"capilla-correo-mayor","status":"publish","type":"page","link":"https:\/\/monasteriomadredediossevilla.com\/en\/arte-e-historia\/capilla-correo-mayor\/","title":{"rendered":"Chapel of the Correo Mayor"},"content":{"rendered":"<div data-elementor-type=\"wp-page\" data-elementor-id=\"2273\" class=\"elementor elementor-2273\">\n\t\t\t\t<div class=\"elementor-element elementor-element-af1811c e-flex e-con-boxed e-con e-parent\" data-id=\"af1811c\" data-element_type=\"container\" data-e-type=\"container\" data-settings=\"{&quot;background_background&quot;:&quot;classic&quot;}\">\n\t\t\t\t\t<div class=\"e-con-inner\">\n\t\t<div class=\"elementor-element elementor-element-4e7a37f e-con-full e-flex e-con e-child\" data-id=\"4e7a37f\" data-element_type=\"container\" data-e-type=\"container\">\n\t\t<div class=\"elementor-element elementor-element-c622224 e-con-full e-flex e-con e-child\" data-id=\"c622224\" data-element_type=\"container\" data-e-type=\"container\">\n\t\t\t\t<div class=\"elementor-element elementor-element-20f3115 elementor-widget-divider--view-line elementor-widget elementor-widget-divider\" data-id=\"20f3115\" data-element_type=\"widget\" data-e-type=\"widget\" data-widget_type=\"divider.default\">\n\t\t\t\t<div class=\"elementor-widget-container\">\n\t\t\t\t\t\t\t<div class=\"elementor-divider\">\n\t\t\t<span class=\"elementor-divider-separator\">\n\t\t\t\t\t\t<\/span>\n\t\t<\/div>\n\t\t\t\t\t\t<\/div>\n\t\t\t\t<\/div>\n\t\t\t\t<div class=\"elementor-element elementor-element-36e9c9a elementor-widget elementor-widget-text-editor\" data-id=\"36e9c9a\" data-element_type=\"widget\" data-e-type=\"widget\" data-widget_type=\"text-editor.default\">\n\t\t\t\t<div class=\"elementor-widget-container\">\n\t\t\t\t\t\t\t\t\t<p>This chapel is located directly opposite the monumental screen at the entrance to the church. Though modest in size, it has a rich material and human history.<\/p>\n<p class=\"translation-block\">The powerful Jerez family, who held significant positions in Seville\u2019s government and the Council of the Indies, acquired this chapel due to its proximity to their residence. The family patriarch, Rodrigo de Jerez, was appointed Correo Mayor(Chief Postal Officer), and the chapel was founded as his burial place. Its construction was carried out according to the family\u2019s wishes throughout the sixteenth century.<\/p>\n<p>In the foreground, before entering the chapel, there is a Plateresque-style grille forged by the master Pedro Valera. It is divided into three horizontal sections: the first contains the hinged entrance gate; the middle section continues the lower design and is topped with the family coat of arms, set within a circle and flanked by classical-style figures of young men. Beneath the coat of arms is an inscription with the date 1573, which likely marks the completion of the chapel or the grille itself.<\/p>\n<p>The chapel\u2019s ceiling consists of a decorative plaster vault with a repeated circular motif. Inside, it is adorned with floral designs and features a gilded and estofado Mud\u00e9jar-style coffered roof composed of octagonal panels.<\/p>\n<p>Rodrigo de Jerez\u2019s tombstone is located at the foot of the entrance to the chapel\u2019s crypt, displaying the family coat of arms, identical to the one on the grille.<\/p>\n<p class=\"translation-block\">The most significant element inside the chapel is the altarpiece, attributed to Juan Bautista V\u00e1zquez the Elder. The altarpiece houses an oil-on-panel painting depicting the Sagrada Lanzada scene. The painting\u2019s authorship has been debated, with attributions ranging among Valdivieso, Alfi\u00e1n, Colmenares, Juan Bautista V\u00e1zquez the Elder, and followers of Pedro de Campa\u00f1a.<\/p>\n<p>At the top of the panel, a curved pediment contains a gilded and polychromed relief depicting the Lord\u2019s tomb, accompanied by the Virgin, the Holy Women, and Joseph of Arimathea and Nicodemus in white tones, which enhance the contrast. The arch of the pediment is gilded.<\/p>\n<p>The altarpiece\u2019s structure begins with a tiled altar base, upon which the retablo rises. It features a predella and two classical-inspired columns supporting a pediment.<\/p>\n<p class=\"translation-block\">The walls and altar frontal of the Chapel of the Correo Mayor are covered in azulejos, featuring geometric designs framed by a double floral border in cobalt blue and yellow. The chapel walls are also adorned with floral-patterned tiles in green, blue, and yellow. This tilework, dated to 1573, is the oldest in the convent and was painted by Alonso Garc\u00eda.<\/p>\n<p>The chapel is currently undergoing restoration.<\/p>\t\t\t\t\t\t\t\t<\/div>\n\t\t\t\t<\/div>\n\t\t\t\t<\/div>\n\t\t\t\t<div class=\"elementor-element elementor-element-f7bb24a elementor-align-right elementor-widget elementor-widget-button\" data-id=\"f7bb24a\" data-element_type=\"widget\" data-e-type=\"widget\" data-widget_type=\"button.default\">\n\t\t\t\t<div class=\"elementor-widget-container\">\n\t\t\t\t\t\t\t\t\t<div class=\"elementor-button-wrapper\">\n\t\t\t\t\t<a class=\"elementor-button elementor-button-link elementor-size-sm\" href=\"https:\/\/monasteriomadredediossevilla.com\/en\/arte-e-historia\/\">\n\t\t\t\t\t\t<span class=\"elementor-button-content-wrapper\">\n\t\t\t\t\t\t<span class=\"elementor-button-icon\">\n\t\t\t\t<svg aria-hidden=\"true\" class=\"e-font-icon-svg e-fas-angle-double-left\" viewbox=\"0 0 448 512\" xmlns=\"http:\/\/www.w3.org\/2000\/svg\"><path d=\"M223.7 239l136-136c9.4-9.4 24.6-9.4 33.9 0l22.6 22.6c9.4 9.4 9.4 24.6 0 33.9L319.9 256l96.4 96.4c9.4 9.4 9.4 24.6 0 33.9L393.7 409c-9.4 9.4-24.6 9.4-33.9 0l-136-136c-9.5-9.4-9.5-24.6-.1-34zm-192 34l136 136c9.4 9.4 24.6 9.4 33.9 0l22.6-22.6c9.4-9.4 9.4-24.6 0-33.9L127.9 256l96.4-96.4c9.4-9.4 9.4-24.6 0-33.9L201.7 103c-9.4-9.4-24.6-9.4-33.9 0l-136 136c-9.5 9.4-9.5 24.6-.1 34z\"><\/path><\/svg>\t\t\t<\/span>\n\t\t\t\t\t\t\t\t\t<span class=\"elementor-button-text\">Return to Art and History<\/span>\n\t\t\t\t\t<\/span>\n\t\t\t\t\t<\/a>\n\t\t\t\t<\/div>\n\t\t\t\t\t\t\t\t<\/div>\n\t\t\t\t<\/div>\n\t\t\t\t<div class=\"elementor-element elementor-element-92e779a elementor-widget-divider--view-line elementor-widget elementor-widget-divider\" data-id=\"92e779a\" data-element_type=\"widget\" data-e-type=\"widget\" data-widget_type=\"divider.default\">\n\t\t\t\t<div class=\"elementor-widget-container\">\n\t\t\t\t\t\t\t<div class=\"elementor-divider\">\n\t\t\t<span class=\"elementor-divider-separator\">\n\t\t\t\t\t\t<\/span>\n\t\t<\/div>\n\t\t\t\t\t\t<\/div>\n\t\t\t\t<\/div>\n\t\t\t\t<\/div>\n\t\t\t\t\t<\/div>\n\t\t\t\t<\/div>\n\t\t\t\t<\/div>","protected":false},"excerpt":{"rendered":"<p>Esta capilla, se encuentra situada frente al monumental cancel de la entrada al templo. Es una capilla de peque\u00f1as dimensiones pero con una historia material y humana de gran relevancia. La poderosa familia Jerez, con cargos importantes en el gobierno sevillano y en el Consejo de Indias, decide adquirir esta capilla, por la cercan\u00eda de [&hellip;]<\/p>\n","protected":false},"author":1,"featured_media":0,"parent":2168,"menu_order":0,"comment_status":"closed","ping_status":"closed","template":"elementor_header_footer","meta":{"ub_ctt_via":"","ocean_post_layout":"","ocean_both_sidebars_style":"","ocean_both_sidebars_content_width":0,"ocean_both_sidebars_sidebars_width":0,"ocean_sidebar":"","ocean_second_sidebar":"","ocean_disable_margins":"enable","ocean_add_body_class":"","ocean_shortcode_before_top_bar":"","ocean_shortcode_after_top_bar":"","ocean_shortcode_before_header":"","ocean_shortcode_after_header":"","ocean_has_shortcode":"","ocean_shortcode_after_title":"","ocean_shortcode_before_footer_widgets":"","ocean_shortcode_after_footer_widgets":"","ocean_shortcode_before_footer_bottom":"","ocean_shortcode_after_footer_bottom":"","ocean_display_top_bar":"default","ocean_display_header":"default","ocean_header_style":"","ocean_center_header_left_menu":"","ocean_custom_header_template":"","ocean_custom_logo":0,"ocean_custom_retina_logo":0,"ocean_custom_logo_max_width":0,"ocean_custom_logo_tablet_max_width":0,"ocean_custom_logo_mobile_max_width":0,"ocean_custom_logo_max_height":0,"ocean_custom_logo_tablet_max_height":0,"ocean_custom_logo_mobile_max_height":0,"ocean_header_custom_menu":"","ocean_menu_typo_font_family":"","ocean_menu_typo_font_subset":"","ocean_menu_typo_font_size":0,"ocean_menu_typo_font_size_tablet":0,"ocean_menu_typo_font_size_mobile":0,"ocean_menu_typo_font_size_unit":"px","ocean_menu_typo_font_weight":"","ocean_menu_typo_font_weight_tablet":"","ocean_menu_typo_font_weight_mobile":"","ocean_menu_typo_transform":"","ocean_menu_typo_transform_tablet":"","ocean_menu_typo_transform_mobile":"","ocean_menu_typo_line_height":0,"ocean_menu_typo_line_height_tablet":0,"ocean_menu_typo_line_height_mobile":0,"ocean_menu_typo_line_height_unit":"","ocean_menu_typo_spacing":0,"ocean_menu_typo_spacing_tablet":0,"ocean_menu_typo_spacing_mobile":0,"ocean_menu_typo_spacing_unit":"","ocean_menu_link_color":"","ocean_menu_link_color_hover":"","ocean_menu_link_color_active":"","ocean_menu_link_background":"","ocean_menu_link_hover_background":"","ocean_menu_link_active_background":"","ocean_menu_social_links_bg":"","ocean_menu_social_hover_links_bg":"","ocean_menu_social_links_color":"","ocean_menu_social_hover_links_color":"","ocean_disable_title":"default","ocean_disable_heading":"default","ocean_post_title":"","ocean_post_subheading":"","ocean_post_title_style":"","ocean_post_title_background_color":"","ocean_post_title_background":0,"ocean_post_title_bg_image_position":"","ocean_post_title_bg_image_attachment":"","ocean_post_title_bg_image_repeat":"","ocean_post_title_bg_image_size":"","ocean_post_title_height":0,"ocean_post_title_bg_overlay":0.5,"ocean_post_title_bg_overlay_color":"","ocean_disable_breadcrumbs":"default","ocean_breadcrumbs_color":"","ocean_breadcrumbs_separator_color":"","ocean_breadcrumbs_links_color":"","ocean_breadcrumbs_links_hover_color":"","ocean_display_footer_widgets":"default","ocean_display_footer_bottom":"default","ocean_custom_footer_template":"","footnotes":""},"class_list":["post-2273","page","type-page","status-publish","hentry","entry"],"featured_image_src":null,"_links":{"self":[{"href":"https:\/\/monasteriomadredediossevilla.com\/en\/wp-json\/wp\/v2\/pages\/2273","targetHints":{"allow":["GET"]}}],"collection":[{"href":"https:\/\/monasteriomadredediossevilla.com\/en\/wp-json\/wp\/v2\/pages"}],"about":[{"href":"https:\/\/monasteriomadredediossevilla.com\/en\/wp-json\/wp\/v2\/types\/page"}],"author":[{"embeddable":true,"href":"https:\/\/monasteriomadredediossevilla.com\/en\/wp-json\/wp\/v2\/users\/1"}],"replies":[{"embeddable":true,"href":"https:\/\/monasteriomadredediossevilla.com\/en\/wp-json\/wp\/v2\/comments?post=2273"}],"version-history":[{"count":13,"href":"https:\/\/monasteriomadredediossevilla.com\/en\/wp-json\/wp\/v2\/pages\/2273\/revisions"}],"predecessor-version":[{"id":2400,"href":"https:\/\/monasteriomadredediossevilla.com\/en\/wp-json\/wp\/v2\/pages\/2273\/revisions\/2400"}],"up":[{"embeddable":true,"href":"https:\/\/monasteriomadredediossevilla.com\/en\/wp-json\/wp\/v2\/pages\/2168"}],"wp:attachment":[{"href":"https:\/\/monasteriomadredediossevilla.com\/en\/wp-json\/wp\/v2\/media?parent=2273"}],"curies":[{"name":"wp","href":"https:\/\/api.w.org\/{rel}","templated":true}]}}