{"id":294,"date":"2016-11-03T16:50:09","date_gmt":"2016-11-03T16:50:09","guid":{"rendered":"http:\/\/lawyer2.mythemecloud.io\/?page_id=294"},"modified":"2025-12-06T18:19:20","modified_gmt":"2025-12-06T17:19:20","slug":"quienes-somos","status":"publish","type":"page","link":"https:\/\/monasteriomadredediossevilla.com\/en\/quienes-somos\/","title":{"rendered":"About Us"},"content":{"rendered":"<div data-elementor-type=\"wp-post\" data-elementor-id=\"294\" class=\"elementor elementor-294\">\n\t\t\t\t\t\t<section class=\"elementor-section elementor-top-section elementor-element elementor-element-bu71rau elementor-hidden-desktop elementor-hidden-mobile elementor-hidden-tablet elementor-section-boxed elementor-section-height-default elementor-section-height-default\" data-id=\"bu71rau\" data-element_type=\"section\" data-e-type=\"section\" data-settings=\"{&quot;background_background&quot;:&quot;classic&quot;}\">\n\t\t\t\t\t\t<div class=\"elementor-container elementor-column-gap-default\">\n\t\t\t\t\t<div class=\"elementor-column elementor-col-33 elementor-top-column elementor-element elementor-element-p4b3n7m\" data-id=\"p4b3n7m\" data-element_type=\"column\" data-e-type=\"column\">\n\t\t\t<div class=\"elementor-widget-wrap elementor-element-populated\">\n\t\t\t\t\t\t<div class=\"elementor-element elementor-element-73gt1to areas-box elementor-position-top elementor-widget elementor-widget-image-box\" data-id=\"73gt1to\" data-element_type=\"widget\" data-e-type=\"widget\" data-widget_type=\"image-box.default\">\n\t\t\t\t<div class=\"elementor-widget-container\">\n\t\t\t\t\t<div class=\"elementor-image-box-wrapper\"><figure class=\"elementor-image-box-img\"><a href=\"#\" tabindex=\"-1\"><img fetchpriority=\"high\" decoding=\"async\" width=\"600\" height=\"316\" src=\"https:\/\/monasteriomadredediossevilla.com\/wp-content\/uploads\/2022\/04\/pa-01.jpg\" class=\"attachment-full size-full wp-image-726\" alt=\"\" srcset=\"https:\/\/monasteriomadredediossevilla.com\/wp-content\/uploads\/2022\/04\/pa-01.jpg 600w, https:\/\/monasteriomadredediossevilla.com\/wp-content\/uploads\/2022\/04\/pa-01-300x158.jpg 300w\" sizes=\"(max-width: 600px) 100vw, 600px\" \/><\/a><\/figure><div class=\"elementor-image-box-content\"><h2 class=\"elementor-image-box-title\"><a href=\"#\">Family Law<\/a><\/h2><p class=\"elementor-image-box-description\">Quisque volutpat condimentum velit. Class aptent taciti sociosqu ad litora torquent per conubia nostra, per inceptos himenaeos.<\/p><\/div><\/div>\t\t\t\t<\/div>\n\t\t\t\t<\/div>\n\t\t\t\t<div class=\"elementor-element elementor-element-mudrmeq areas-box elementor-position-top elementor-widget elementor-widget-image-box\" data-id=\"mudrmeq\" data-element_type=\"widget\" data-e-type=\"widget\" data-widget_type=\"image-box.default\">\n\t\t\t\t<div class=\"elementor-widget-container\">\n\t\t\t\t\t<div class=\"elementor-image-box-wrapper\"><figure class=\"elementor-image-box-img\"><a href=\"#\" tabindex=\"-1\"><img decoding=\"async\" width=\"600\" height=\"316\" src=\"https:\/\/monasteriomadredediossevilla.com\/wp-content\/uploads\/2022\/04\/pa-05.jpg\" class=\"attachment-full size-full wp-image-730\" alt=\"\" srcset=\"https:\/\/monasteriomadredediossevilla.com\/wp-content\/uploads\/2022\/04\/pa-05.jpg 600w, https:\/\/monasteriomadredediossevilla.com\/wp-content\/uploads\/2022\/04\/pa-05-300x158.jpg 300w\" sizes=\"(max-width: 600px) 100vw, 600px\" \/><\/a><\/figure><div class=\"elementor-image-box-content\"><h2 class=\"elementor-image-box-title\"><a href=\"#\">Criminal Law<\/a><\/h2><p class=\"elementor-image-box-description\">Quisque volutpat condimentum velit. Class aptent taciti sociosqu ad litora torquent per conubia nostra, per inceptos himenaeos.<\/p><\/div><\/div>\t\t\t\t<\/div>\n\t\t\t\t<\/div>\n\t\t\t\t\t<\/div>\n\t\t<\/div>\n\t\t\t\t<div class=\"elementor-column elementor-col-33 elementor-top-column elementor-element elementor-element-94z8gp3\" data-id=\"94z8gp3\" data-element_type=\"column\" data-e-type=\"column\">\n\t\t\t<div class=\"elementor-widget-wrap elementor-element-populated\">\n\t\t\t\t\t\t<div class=\"elementor-element elementor-element-o8y6vue areas-box elementor-position-top elementor-widget elementor-widget-image-box\" data-id=\"o8y6vue\" data-element_type=\"widget\" data-e-type=\"widget\" data-widget_type=\"image-box.default\">\n\t\t\t\t<div class=\"elementor-widget-container\">\n\t\t\t\t\t<div class=\"elementor-image-box-wrapper\"><figure class=\"elementor-image-box-img\"><a href=\"#\" tabindex=\"-1\"><img decoding=\"async\" width=\"600\" height=\"316\" src=\"https:\/\/monasteriomadredediossevilla.com\/wp-content\/uploads\/2022\/04\/pa-02.jpg\" class=\"attachment-full size-full wp-image-727\" alt=\"\" srcset=\"https:\/\/monasteriomadredediossevilla.com\/wp-content\/uploads\/2022\/04\/pa-02.jpg 600w, https:\/\/monasteriomadredediossevilla.com\/wp-content\/uploads\/2022\/04\/pa-02-300x158.jpg 300w\" sizes=\"(max-width: 600px) 100vw, 600px\" \/><\/a><\/figure><div class=\"elementor-image-box-content\"><h2 class=\"elementor-image-box-title\"><a href=\"#\">Corporate Law<\/a><\/h2><p class=\"elementor-image-box-description\">Quisque volutpat condimentum velit. Class aptent taciti sociosqu ad litora torquent per conubia nostra, per inceptos himenaeos.<\/p><\/div><\/div>\t\t\t\t<\/div>\n\t\t\t\t<\/div>\n\t\t\t\t<div class=\"elementor-element elementor-element-osow2h8 areas-box elementor-position-top elementor-widget elementor-widget-image-box\" data-id=\"osow2h8\" data-element_type=\"widget\" data-e-type=\"widget\" data-widget_type=\"image-box.default\">\n\t\t\t\t<div class=\"elementor-widget-container\">\n\t\t\t\t\t<div class=\"elementor-image-box-wrapper\"><figure class=\"elementor-image-box-img\"><a href=\"#\" tabindex=\"-1\"><img loading=\"lazy\" decoding=\"async\" width=\"600\" height=\"316\" src=\"https:\/\/monasteriomadredediossevilla.com\/wp-content\/uploads\/2022\/04\/pa-06.jpg\" class=\"attachment-full size-full wp-image-731\" alt=\"\" srcset=\"https:\/\/monasteriomadredediossevilla.com\/wp-content\/uploads\/2022\/04\/pa-06.jpg 600w, https:\/\/monasteriomadredediossevilla.com\/wp-content\/uploads\/2022\/04\/pa-06-300x158.jpg 300w\" sizes=\"(max-width: 600px) 100vw, 600px\" \/><\/a><\/figure><div class=\"elementor-image-box-content\"><h2 class=\"elementor-image-box-title\"><a href=\"#\">Car Accidents<\/a><\/h2><p class=\"elementor-image-box-description\">Quisque volutpat condimentum velit. Class aptent taciti sociosqu ad litora torquent per conubia nostra, per inceptos himenaeos.<\/p><\/div><\/div>\t\t\t\t<\/div>\n\t\t\t\t<\/div>\n\t\t\t\t\t<\/div>\n\t\t<\/div>\n\t\t\t\t<div class=\"elementor-column elementor-col-33 elementor-top-column elementor-element elementor-element-phobwjz\" data-id=\"phobwjz\" data-element_type=\"column\" data-e-type=\"column\">\n\t\t\t<div class=\"elementor-widget-wrap elementor-element-populated\">\n\t\t\t\t\t\t<div class=\"elementor-element elementor-element-clyq47f areas-box elementor-position-top elementor-widget elementor-widget-image-box\" data-id=\"clyq47f\" data-element_type=\"widget\" data-e-type=\"widget\" data-widget_type=\"image-box.default\">\n\t\t\t\t<div class=\"elementor-widget-container\">\n\t\t\t\t\t<div class=\"elementor-image-box-wrapper\"><figure class=\"elementor-image-box-img\"><a href=\"#\" tabindex=\"-1\"><img loading=\"lazy\" decoding=\"async\" width=\"600\" height=\"316\" src=\"https:\/\/monasteriomadredediossevilla.com\/wp-content\/uploads\/2022\/04\/pa-04.jpg\" class=\"attachment-full size-full wp-image-729\" alt=\"\" srcset=\"https:\/\/monasteriomadredediossevilla.com\/wp-content\/uploads\/2022\/04\/pa-04.jpg 600w, https:\/\/monasteriomadredediossevilla.com\/wp-content\/uploads\/2022\/04\/pa-04-300x158.jpg 300w\" sizes=\"(max-width: 600px) 100vw, 600px\" \/><\/a><\/figure><div class=\"elementor-image-box-content\"><h2 class=\"elementor-image-box-title\"><a href=\"#\">Divorce Law<\/a><\/h2><p class=\"elementor-image-box-description\">Quisque volutpat condimentum velit. Class aptent taciti sociosqu ad litora torquent per conubia nostra, per inceptos himenaeos.<\/p><\/div><\/div>\t\t\t\t<\/div>\n\t\t\t\t<\/div>\n\t\t\t\t<div class=\"elementor-element elementor-element-mfva3rv areas-box elementor-position-top elementor-widget elementor-widget-image-box\" data-id=\"mfva3rv\" data-element_type=\"widget\" data-e-type=\"widget\" data-widget_type=\"image-box.default\">\n\t\t\t\t<div class=\"elementor-widget-container\">\n\t\t\t\t\t<div class=\"elementor-image-box-wrapper\"><figure class=\"elementor-image-box-img\"><a href=\"#\" tabindex=\"-1\"><img loading=\"lazy\" decoding=\"async\" width=\"600\" height=\"316\" src=\"https:\/\/monasteriomadredediossevilla.com\/wp-content\/uploads\/2022\/04\/pa-07.jpg\" class=\"attachment-full size-full wp-image-732\" alt=\"\" srcset=\"https:\/\/monasteriomadredediossevilla.com\/wp-content\/uploads\/2022\/04\/pa-07.jpg 600w, https:\/\/monasteriomadredediossevilla.com\/wp-content\/uploads\/2022\/04\/pa-07-300x158.jpg 300w\" sizes=\"(max-width: 600px) 100vw, 600px\" \/><\/a><\/figure><div class=\"elementor-image-box-content\"><h2 class=\"elementor-image-box-title\"><a href=\"#\">Substance Abuse Law<\/a><\/h2><p class=\"elementor-image-box-description\">Quisque volutpat condimentum velit. Class aptent taciti sociosqu ad litora torquent per conubia nostra, per inceptos himenaeos.<\/p><\/div><\/div>\t\t\t\t<\/div>\n\t\t\t\t<\/div>\n\t\t\t\t\t<\/div>\n\t\t<\/div>\n\t\t\t\t\t<\/div>\n\t\t<\/section>\n\t\t\t\t<section class=\"elementor-section elementor-top-section elementor-element elementor-element-b68fc6b elementor-section-boxed elementor-section-height-default elementor-section-height-default\" data-id=\"b68fc6b\" data-element_type=\"section\" data-e-type=\"section\" data-settings=\"{&quot;background_background&quot;:&quot;classic&quot;}\">\n\t\t\t\t\t\t<div class=\"elementor-container elementor-column-gap-default\">\n\t\t\t\t\t<div class=\"elementor-column elementor-col-33 elementor-top-column elementor-element elementor-element-0ab66b7\" data-id=\"0ab66b7\" data-element_type=\"column\" data-e-type=\"column\">\n\t\t\t<div class=\"elementor-widget-wrap elementor-element-populated\">\n\t\t\t\t\t\t<div class=\"elementor-element elementor-element-5ce309c areas-box elementor-position-top elementor-widget elementor-widget-image-box\" data-id=\"5ce309c\" data-element_type=\"widget\" data-e-type=\"widget\" data-widget_type=\"image-box.default\">\n\t\t\t\t<div class=\"elementor-widget-container\">\n\t\t\t\t\t<div class=\"elementor-image-box-wrapper\"><figure class=\"elementor-image-box-img\"><a href=\"\/en\/quienes-somos\/fundacion\/\" tabindex=\"-1\"><img loading=\"lazy\" decoding=\"async\" width=\"1280\" height=\"674\" src=\"https:\/\/monasteriomadredediossevilla.com\/wp-content\/uploads\/2024\/08\/Virgen-2-e1723899704307.jpg\" class=\"attachment-full size-full wp-image-1955\" alt=\"\" srcset=\"https:\/\/monasteriomadredediossevilla.com\/wp-content\/uploads\/2024\/08\/Virgen-2-e1723899704307.jpg 1280w, https:\/\/monasteriomadredediossevilla.com\/wp-content\/uploads\/2024\/08\/Virgen-2-e1723899704307-300x158.jpg 300w, https:\/\/monasteriomadredediossevilla.com\/wp-content\/uploads\/2024\/08\/Virgen-2-e1723899704307-1024x539.jpg 1024w, https:\/\/monasteriomadredediossevilla.com\/wp-content\/uploads\/2024\/08\/Virgen-2-e1723899704307-768x404.jpg 768w\" sizes=\"(max-width: 1280px) 100vw, 1280px\" \/><\/a><\/figure><div class=\"elementor-image-box-content\"><h2 class=\"elementor-image-box-title\"><a href=\"\/en\/quienes-somos\/fundacion\/\">Fundaci\u00f3n de las Monjas Dominicas Contemplativas<\/a><\/h2><p class=\"elementor-image-box-description\">\n    La fundaci\u00f3n del Convento de Madre de Dios de la Piedad de Sevilla se produjo el a\u00f1o 1472, promovido por Isabel Ruiz de Esquivel, viuda de Juan S\u00e1nchez de Huete.\n<\/p>\n    <a href=\"\/en\/fundacion\/\" class=\"read-more\">\u25bc Read more \u25bc <\/a><\/p><\/div><\/div>\t\t\t\t<\/div>\n\t\t\t\t<\/div>\n\t\t\t\t<div class=\"elementor-element elementor-element-713c826 areas-box elementor-position-top elementor-widget elementor-widget-image-box\" data-id=\"713c826\" data-element_type=\"widget\" data-e-type=\"widget\" data-widget_type=\"image-box.default\">\n\t\t\t\t<div class=\"elementor-widget-container\">\n\t\t\t\t\t<div class=\"elementor-image-box-wrapper\"><figure class=\"elementor-image-box-img\"><a href=\"\/en\/quienes-somos\/arquitectura-de-la-iglesia\/\" tabindex=\"-1\"><img loading=\"lazy\" decoding=\"async\" width=\"1200\" height=\"632\" src=\"https:\/\/monasteriomadredediossevilla.com\/wp-content\/uploads\/2024\/08\/Retablo-Cupula-2-e1770459476911.jpg\" class=\"attachment-full size-full wp-image-1856\" alt=\"\" srcset=\"https:\/\/monasteriomadredediossevilla.com\/wp-content\/uploads\/2024\/08\/Retablo-Cupula-2-e1770459476911.jpg 1200w, https:\/\/monasteriomadredediossevilla.com\/wp-content\/uploads\/2024\/08\/Retablo-Cupula-2-e1770459476911-300x158.jpg 300w, https:\/\/monasteriomadredediossevilla.com\/wp-content\/uploads\/2024\/08\/Retablo-Cupula-2-e1770459476911-1024x539.jpg 1024w, https:\/\/monasteriomadredediossevilla.com\/wp-content\/uploads\/2024\/08\/Retablo-Cupula-2-e1770459476911-768x404.jpg 768w\" sizes=\"(max-width: 1200px) 100vw, 1200px\" \/><\/a><\/figure><div class=\"elementor-image-box-content\"><h2 class=\"elementor-image-box-title\"><a href=\"\/en\/quienes-somos\/arquitectura-de-la-iglesia\/\">Arquitectura de la iglesia<\/a><\/h2><p class=\"elementor-image-box-description\">\n\n<p>\nEl Convento se organiza alrededor de tres elementos fundamentales fechables en el siglo XVI: la iglesia, un peque\u00f1o patio que hace las veces de claustro y otro de mayores dimensiones que sirve de jard\u00edn. \n<\/p>\n    <a href=\"\/en\/arquitectura-de-la-iglesia\/\" class=\"read-more\">\u25bc Read more \u25bc <\/a><\/p><\/div><\/div>\t\t\t\t<\/div>\n\t\t\t\t<\/div>\n\t\t\t\t\t<\/div>\n\t\t<\/div>\n\t\t\t\t<div class=\"elementor-column elementor-col-33 elementor-top-column elementor-element elementor-element-c9a4cfb\" data-id=\"c9a4cfb\" data-element_type=\"column\" data-e-type=\"column\">\n\t\t\t<div class=\"elementor-widget-wrap elementor-element-populated\">\n\t\t\t\t\t\t<div class=\"elementor-element elementor-element-60d60bc areas-box elementor-position-top elementor-widget elementor-widget-image-box\" data-id=\"60d60bc\" data-element_type=\"widget\" data-e-type=\"widget\" data-widget_type=\"image-box.default\">\n\t\t\t\t<div class=\"elementor-widget-container\">\n\t\t\t\t\t<div class=\"elementor-image-box-wrapper\"><figure class=\"elementor-image-box-img\"><a href=\"\/en\/quienes-somos\/santo-domingo-de-guzman\/\" tabindex=\"-1\"><img loading=\"lazy\" decoding=\"async\" width=\"1200\" height=\"632\" src=\"https:\/\/monasteriomadredediossevilla.com\/wp-content\/uploads\/2024\/08\/4A1A6019-e1723658040155.jpg\" class=\"attachment-full size-full wp-image-1215\" alt=\"\" srcset=\"https:\/\/monasteriomadredediossevilla.com\/wp-content\/uploads\/2024\/08\/4A1A6019-e1723658040155.jpg 1200w, https:\/\/monasteriomadredediossevilla.com\/wp-content\/uploads\/2024\/08\/4A1A6019-e1723658040155-300x158.jpg 300w, https:\/\/monasteriomadredediossevilla.com\/wp-content\/uploads\/2024\/08\/4A1A6019-e1723658040155-1024x539.jpg 1024w, https:\/\/monasteriomadredediossevilla.com\/wp-content\/uploads\/2024\/08\/4A1A6019-e1723658040155-768x404.jpg 768w\" sizes=\"(max-width: 1200px) 100vw, 1200px\" \/><\/a><\/figure><div class=\"elementor-image-box-content\"><h2 class=\"elementor-image-box-title\"><a href=\"\/en\/quienes-somos\/santo-domingo-de-guzman\/\">Santo Domingo de Guzm\u00e1n<\/a><\/h2><p class=\"elementor-image-box-description\">\n<p>\nNuestra espiritualidad y carisma se fundamenta en el ejemplo, palabras y virtudes de Nuestro Padre Santo Domingo de Guzm\u00e1n, fundador de la Orden de Predicadores, m\u00e1s conocidos como dominicos.\n<\/p>\n    <a href=\"\/en\/santo-domingo-de-guzman\/\" class=\"read-more\">\u25bc Read more \u25bc <\/a><\/p><\/div><\/div>\t\t\t\t<\/div>\n\t\t\t\t<\/div>\n\t\t\t\t<div class=\"elementor-element elementor-element-a817f95 areas-box elementor-position-top elementor-widget elementor-widget-image-box\" data-id=\"a817f95\" data-element_type=\"widget\" data-e-type=\"widget\" data-widget_type=\"image-box.default\">\n\t\t\t\t<div class=\"elementor-widget-container\">\n\t\t\t\t\t<div class=\"elementor-image-box-wrapper\"><figure class=\"elementor-image-box-img\"><a href=\"\/en\/quienes-somos\/historia-del-monasterio\/\" tabindex=\"-1\"><img loading=\"lazy\" decoding=\"async\" width=\"377\" height=\"199\" src=\"https:\/\/monasteriomadredediossevilla.com\/wp-content\/uploads\/2024\/08\/angel-1-e1723899195190.jpeg\" class=\"attachment-full size-full wp-image-1945\" alt=\"\" srcset=\"https:\/\/monasteriomadredediossevilla.com\/wp-content\/uploads\/2024\/08\/angel-1-e1723899195190.jpeg 377w, https:\/\/monasteriomadredediossevilla.com\/wp-content\/uploads\/2024\/08\/angel-1-e1723899195190-300x158.jpeg 300w\" sizes=\"(max-width: 377px) 100vw, 377px\" \/><\/a><\/figure><div class=\"elementor-image-box-content\"><h2 class=\"elementor-image-box-title\"><a href=\"\/en\/quienes-somos\/historia-del-monasterio\/\">Historia del monasterio<\/a><\/h2><p class=\"elementor-image-box-description\">\n<p>\nEn 1472 Isabel Ruiz de Esquivel, viuda del alcaide de Sevilla, Juan S\u00e1nchez de Huete, fund\u00f3 en esta ciudad un beaterio para Religiosas Dominicas, en un viejo edificio, propiedad del Hospital de San Crist\u00f3bal y Santiago, en la Puerta de Triana. <\/p>\n    <a href=\"\/en\/historia-del-monasterio\/\" class=\"read-more\">\u25bc Read more \u25bc <\/a><\/p><\/div><\/div>\t\t\t\t<\/div>\n\t\t\t\t<\/div>\n\t\t\t\t\t<\/div>\n\t\t<\/div>\n\t\t\t\t<div class=\"elementor-column elementor-col-33 elementor-top-column elementor-element elementor-element-1f0894c\" data-id=\"1f0894c\" data-element_type=\"column\" data-e-type=\"column\">\n\t\t\t<div class=\"elementor-widget-wrap elementor-element-populated\">\n\t\t\t\t\t\t<div class=\"elementor-element elementor-element-8e2da11 areas-box elementor-position-top elementor-widget elementor-widget-image-box\" data-id=\"8e2da11\" data-element_type=\"widget\" data-e-type=\"widget\" data-widget_type=\"image-box.default\">\n\t\t\t\t<div class=\"elementor-widget-container\">\n\t\t\t\t\t<div class=\"elementor-image-box-wrapper\"><figure class=\"elementor-image-box-img\"><a href=\"\/en\/quienes-somos\/comunidad-madre-de-dios\/\" tabindex=\"-1\"><img loading=\"lazy\" decoding=\"async\" width=\"1200\" height=\"800\" src=\"https:\/\/monasteriomadredediossevilla.com\/wp-content\/uploads\/2024\/07\/4A1A5963.jpg\" class=\"attachment-full size-full wp-image-160\" alt=\"\" srcset=\"https:\/\/monasteriomadredediossevilla.com\/wp-content\/uploads\/2024\/07\/4A1A5963.jpg 1200w, https:\/\/monasteriomadredediossevilla.com\/wp-content\/uploads\/2024\/07\/4A1A5963-300x200.jpg 300w, https:\/\/monasteriomadredediossevilla.com\/wp-content\/uploads\/2024\/07\/4A1A5963-1024x683.jpg 1024w, https:\/\/monasteriomadredediossevilla.com\/wp-content\/uploads\/2024\/07\/4A1A5963-768x512.jpg 768w\" sizes=\"(max-width: 1200px) 100vw, 1200px\" \/><\/a><\/figure><div class=\"elementor-image-box-content\"><h2 class=\"elementor-image-box-title\"><a href=\"\/en\/quienes-somos\/comunidad-madre-de-dios\/\">Comunidad Madre de Dios<\/a><\/h2><p class=\"elementor-image-box-description\">\n\n<p>\nNuestra misi\u00f3n consiste en BUSCAR A DIOS en el silencio, en la asidua oraci\u00f3n de contemplaci\u00f3n y lit\u00fargica, en el trabajo, en el estudio, en la generosa penitencia, en el compartir de cada d\u00eda.\n<\/p>\n    <a href=\"\/en\/comunidad-madre-de-dios\/\" class=\"read-more\">\u25bc Read more \u25bc <\/a><\/p><\/div><\/div>\t\t\t\t<\/div>\n\t\t\t\t<\/div>\n\t\t\t\t\t<\/div>\n\t\t<\/div>\n\t\t\t\t\t<\/div>\n\t\t<\/section>\n\t\t\t\t<\/div>","protected":false},"excerpt":{"rendered":"<p>Family Law Quisque volutpat condimentum velit. Class aptent taciti sociosqu ad litora torquent per conubia nostra, per inceptos himenaeos. Criminal Law Quisque volutpat condimentum velit. Class aptent taciti sociosqu ad litora torquent per conubia nostra, per inceptos himenaeos. Corporate Law Quisque volutpat condimentum velit. Class aptent taciti sociosqu ad litora torquent per conubia nostra, per [&hellip;]<\/p>\n","protected":false},"author":1,"featured_media":0,"parent":0,"menu_order":0,"comment_status":"closed","ping_status":"closed","template":"","meta":{"ub_ctt_via":"","ocean_post_layout":"full-screen","ocean_both_sidebars_style":"","ocean_both_sidebars_content_width":0,"ocean_both_sidebars_sidebars_width":0,"ocean_sidebar":"0","ocean_second_sidebar":"0","ocean_disable_margins":"enable","ocean_add_body_class":"","ocean_shortcode_before_top_bar":"","ocean_shortcode_after_top_bar":"","ocean_shortcode_before_header":"","ocean_shortcode_after_header":"","ocean_has_shortcode":"","ocean_shortcode_after_title":"","ocean_shortcode_before_footer_widgets":"","ocean_shortcode_after_footer_widgets":"","ocean_shortcode_before_footer_bottom":"","ocean_shortcode_after_footer_bottom":"","ocean_display_top_bar":"default","ocean_display_header":"default","ocean_header_style":"","ocean_center_header_left_menu":"0","ocean_custom_header_template":"0","ocean_custom_logo":0,"ocean_custom_retina_logo":0,"ocean_custom_logo_max_width":0,"ocean_custom_logo_tablet_max_width":0,"ocean_custom_logo_mobile_max_width":0,"ocean_custom_logo_max_height":0,"ocean_custom_logo_tablet_max_height":0,"ocean_custom_logo_mobile_max_height":0,"ocean_header_custom_menu":"0","ocean_menu_typo_font_family":"0","ocean_menu_typo_font_subset":"","ocean_menu_typo_font_size":0,"ocean_menu_typo_font_size_tablet":0,"ocean_menu_typo_font_size_mobile":0,"ocean_menu_typo_font_size_unit":"px","ocean_menu_typo_font_weight":"","ocean_menu_typo_font_weight_tablet":"","ocean_menu_typo_font_weight_mobile":"","ocean_menu_typo_transform":"","ocean_menu_typo_transform_tablet":"","ocean_menu_typo_transform_mobile":"","ocean_menu_typo_line_height":0,"ocean_menu_typo_line_height_tablet":0,"ocean_menu_typo_line_height_mobile":0,"ocean_menu_typo_line_height_unit":"","ocean_menu_typo_spacing":0,"ocean_menu_typo_spacing_tablet":0,"ocean_menu_typo_spacing_mobile":0,"ocean_menu_typo_spacing_unit":"","ocean_menu_link_color":"","ocean_menu_link_color_hover":"","ocean_menu_link_color_active":"","ocean_menu_link_background":"","ocean_menu_link_hover_background":"","ocean_menu_link_active_background":"","ocean_menu_social_links_bg":"","ocean_menu_social_hover_links_bg":"","ocean_menu_social_links_color":"","ocean_menu_social_hover_links_color":"","ocean_disable_title":"default","ocean_disable_heading":"default","ocean_post_title":"","ocean_post_subheading":"","ocean_post_title_style":"","ocean_post_title_background_color":"","ocean_post_title_background":0,"ocean_post_title_bg_image_position":"","ocean_post_title_bg_image_attachment":"","ocean_post_title_bg_image_repeat":"","ocean_post_title_bg_image_size":"","ocean_post_title_height":0,"ocean_post_title_bg_overlay":0.5,"ocean_post_title_bg_overlay_color":"","ocean_disable_breadcrumbs":"default","ocean_breadcrumbs_color":"","ocean_breadcrumbs_separator_color":"","ocean_breadcrumbs_links_color":"","ocean_breadcrumbs_links_hover_color":"","ocean_display_footer_widgets":"default","ocean_display_footer_bottom":"default","ocean_custom_footer_template":"0","footnotes":""},"class_list":["post-294","page","type-page","status-publish","hentry","entry"],"featured_image_src":null,"_links":{"self":[{"href":"https:\/\/monasteriomadredediossevilla.com\/en\/wp-json\/wp\/v2\/pages\/294","targetHints":{"allow":["GET"]}}],"collection":[{"href":"https:\/\/monasteriomadredediossevilla.com\/en\/wp-json\/wp\/v2\/pages"}],"about":[{"href":"https:\/\/monasteriomadredediossevilla.com\/en\/wp-json\/wp\/v2\/types\/page"}],"author":[{"embeddable":true,"href":"https:\/\/monasteriomadredediossevilla.com\/en\/wp-json\/wp\/v2\/users\/1"}],"replies":[{"embeddable":true,"href":"https:\/\/monasteriomadredediossevilla.com\/en\/wp-json\/wp\/v2\/comments?post=294"}],"version-history":[{"count":194,"href":"https:\/\/monasteriomadredediossevilla.com\/en\/wp-json\/wp\/v2\/pages\/294\/revisions"}],"predecessor-version":[{"id":2170,"href":"https:\/\/monasteriomadredediossevilla.com\/en\/wp-json\/wp\/v2\/pages\/294\/revisions\/2170"}],"wp:attachment":[{"href":"https:\/\/monasteriomadredediossevilla.com\/en\/wp-json\/wp\/v2\/media?parent=294"}],"curies":[{"name":"wp","href":"https:\/\/api.w.org\/{rel}","templated":true}]}}