{"id":2191,"date":"2025-12-08T13:30:16","date_gmt":"2025-12-08T12:30:16","guid":{"rendered":"https:\/\/monasteriomadredediossevilla.com\/?page_id=2191"},"modified":"2025-12-08T13:47:13","modified_gmt":"2025-12-08T12:47:13","slug":"interior-del-templo","status":"publish","type":"page","link":"https:\/\/monasteriomadredediossevilla.com\/es_es\/arte-e-historia\/interior-del-templo\/","title":{"rendered":"Interior del Templo"},"content":{"rendered":"\t\t<div data-elementor-type=\"wp-page\" data-elementor-id=\"2191\" class=\"elementor elementor-2191\">\n\t\t\t\t\t\t<section class=\"elementor-section elementor-top-section elementor-element elementor-element-f049e8c elementor-section-height-min-height elementor-section-boxed elementor-section-height-default elementor-section-items-middle\" data-id=\"f049e8c\" data-element_type=\"section\" data-e-type=\"section\" data-settings=\"{&quot;background_background&quot;:&quot;classic&quot;}\">\n\t\t\t\t\t\t\t<div class=\"elementor-background-overlay\"><\/div>\n\t\t\t\t\t\t\t<div class=\"elementor-container elementor-column-gap-default\">\n\t\t\t\t\t<div class=\"elementor-column elementor-col-50 elementor-top-column elementor-element elementor-element-ae362e6\" data-id=\"ae362e6\" data-element_type=\"column\" data-e-type=\"column\">\n\t\t\t<div class=\"elementor-widget-wrap\">\n\t\t\t\t\t\t\t<\/div>\n\t\t<\/div>\n\t\t\t\t<div class=\"elementor-column elementor-col-50 elementor-top-column elementor-element elementor-element-c7494b3\" data-id=\"c7494b3\" data-element_type=\"column\" data-e-type=\"column\" data-settings=\"{&quot;background_background&quot;:&quot;classic&quot;}\">\n\t\t\t<div class=\"elementor-widget-wrap elementor-element-populated\">\n\t\t\t\t\t\t<div class=\"elementor-element elementor-element-7b94262 elementor-widget-divider--view-line elementor-widget elementor-widget-divider\" data-id=\"7b94262\" data-element_type=\"widget\" data-e-type=\"widget\" data-widget_type=\"divider.default\">\n\t\t\t\t<div class=\"elementor-widget-container\">\n\t\t\t\t\t\t\t<div class=\"elementor-divider\">\n\t\t\t<span class=\"elementor-divider-separator\">\n\t\t\t\t\t\t<\/span>\n\t\t<\/div>\n\t\t\t\t\t\t<\/div>\n\t\t\t\t<\/div>\n\t\t\t\t<div class=\"elementor-element elementor-element-28b73b2 elementor-widget elementor-widget-text-editor\" data-id=\"28b73b2\" data-element_type=\"widget\" data-e-type=\"widget\" data-widget_type=\"text-editor.default\">\n\t\t\t\t<div class=\"elementor-widget-container\">\n\t\t\t\t\t\t\t\t\t<p>La planta de esta iglesia es de \u00fanica nave y de tipo caj\u00f3n, est\u00e1 formada por un rect\u00e1ngulo de 45 metros y 38 cent\u00edmetros de largo por 10 metros y 24 cent\u00edmetros de ancho. En ella se sit\u00faan, capillas, retablos, esculturas religiosas y yacentes, l\u00e1pidas, obras pict\u00f3ricas de rejer\u00eda y azulejer\u00eda.<\/p><p>El esquema de la iglesia es uno de los modelos que se utilizaban en el siglo XVI y que posee una espaciosa y elevada nave con presbiterio y dos coros, uno alto y otro bajo, todo ello cubierto con grandes armaduras de madera en las que abunda la lacer\u00eda, cuya carpinter\u00eda se encuentra entre la mejor del mud\u00e9jar sevillano. En concreto los alfarjes, obra de <strong>Alonso del Castillo<\/strong>, <strong>Francisco Ram\u00edrez<\/strong> y <strong>Alonso Ru\u00edz<\/strong> realizadas en 1564.<\/p><p>La construcci\u00f3n del templo tuvo lugar en distintas fases de la <strong>segunda mitad del siglo XVI<\/strong>, sin que se sepa hasta hoy quien fue el autor del proyecto. Seg\u00fan <strong>Celestino L\u00f3pez Mart\u00ednez<\/strong>, dirigieron dicha construcci\u00f3n <strong>Juan de Simancas<\/strong> y <strong>Pedro D\u00edaz de Palacios<\/strong>, el primero titular de las obras de los Reales Alc\u00e1zares y el segundo cercano a Hern\u00e1n Ru\u00edz II.<\/p><p>Los frescos de la iglesia se encuentran en la Capilla Mayor o presbiterio, en el arco toral y en los muros, que presenta una profusa decoraci\u00f3n.<\/p><p>Parte de la bella pinacoteca fue expoliada tras la Revoluci\u00f3n de 1868 y solo algunas de ellas se han podido conservar, como es el caso del lienzo de Santo Domingo en Soriano en la parte alta del muro izquierdo y junto con la Predicaci\u00f3n de san Vicente Ferrer del siglo XVII. El primero es obra de <strong>Juan del Castillo<\/strong> entre 1635 y 1638 dentro del manierismo y naturalismo. Hace alusi\u00f3n a una leyenda milagrosa de santo Domingo de Guzm\u00e1n.<\/p><p>Otras obras pict\u00f3ricas son el Martirio de san Lorenzo atribuible al pintor flamenco <strong>Pieter Van Lint<\/strong> de mediados del siglo XVII y el san Juan Bautista de <strong>Pedro Atanasio Bocanegra<\/strong> de 1673.<\/p><p>En las esculturas destacamos las yacentes que se encuentran en la Capilla Mayor ubicadas en\u00a0 los laterales. Representan a <strong>do\u00f1a Juana de Z\u00fa\u00f1iga<\/strong>, si\u00e9ndole concedido el patronato de la Capilla Mayor, y su hija <strong>do\u00f1a Catalina Cort\u00e9s<\/strong>, monja profesa en el convento, mujer e hija de Hern\u00e1n Cort\u00e9s respectivamente.<\/p><p>Es de rese\u00f1ar la lauda de Diego Venegas que se encuentra en el centro del pavimento de la nave. El licenciado Venegas, Oidor de la casa de la Contrataci\u00f3n manifest\u00f3 su voluntad de ser enterrado en la iglesia del monasterio de Madre de Dios.<\/p><p>Seg\u00fan se accede al templo y a la derecha del cancel, se ha situado recientemente un modesto altar dedicado a san Mart\u00edn de Porres.<\/p>\t\t\t\t\t\t\t\t<\/div>\n\t\t\t\t<\/div>\n\t\t\t\t<div class=\"elementor-element elementor-element-b0026c7 elementor-arrows-position-inside elementor-pagination-position-outside elementor-widget elementor-widget-image-carousel\" data-id=\"b0026c7\" data-element_type=\"widget\" data-e-type=\"widget\" data-settings=\"{&quot;slides_to_show&quot;:&quot;1&quot;,&quot;navigation&quot;:&quot;both&quot;,&quot;autoplay&quot;:&quot;yes&quot;,&quot;pause_on_hover&quot;:&quot;yes&quot;,&quot;pause_on_interaction&quot;:&quot;yes&quot;,&quot;autoplay_speed&quot;:5000,&quot;infinite&quot;:&quot;yes&quot;,&quot;effect&quot;:&quot;slide&quot;,&quot;speed&quot;:500}\" data-widget_type=\"image-carousel.default\">\n\t\t\t\t<div class=\"elementor-widget-container\">\n\t\t\t\t\t\t\t<div class=\"elementor-image-carousel-wrapper swiper\" role=\"region\" aria-roledescription=\"carousel\" aria-label=\"Carrusel de im\u00e1genes\" dir=\"ltr\">\n\t\t\t<div class=\"elementor-image-carousel swiper-wrapper\" aria-live=\"off\">\n\t\t\t\t\t\t\t\t<div class=\"swiper-slide\" role=\"group\" aria-roledescription=\"slide\" aria-label=\"1 de 5\"><figure class=\"swiper-slide-inner\"><img decoding=\"async\" class=\"swiper-slide-image\" src=\"https:\/\/monasteriomadredediossevilla.com\/wp-content\/uploads\/elementor\/thumbs\/4A1A5963-qqj1e2njhqyi1agubr6k251161p2ed95dcztznvocg.jpg\" alt=\"Retablo mayor, elaborado entre 1702 y 1704 por Francisco de Barahona\" \/><figcaption class=\"elementor-image-carousel-caption\">Retablo mayor, elaborado entre 1702 y 1704 por Francisco de Barahona<\/figcaption><\/figure><\/div><div class=\"swiper-slide\" role=\"group\" aria-roledescription=\"slide\" aria-label=\"2 de 5\"><figure class=\"swiper-slide-inner\"><img decoding=\"async\" class=\"swiper-slide-image\" src=\"https:\/\/monasteriomadredediossevilla.com\/wp-content\/uploads\/elementor\/thumbs\/Retablo-Cupula-2-1-qsqoamt8e5p2cw9xtq0w9bhj2hua6b2zkaxtshiozk.jpg\" alt=\"Artesonado mud\u00e9jar de la c\u00fapula de la iglesia\" \/><figcaption class=\"elementor-image-carousel-caption\">Artesonado mud\u00e9jar de la c\u00fapula de la iglesia<\/figcaption><\/figure><\/div><div class=\"swiper-slide\" role=\"group\" aria-roledescription=\"slide\" aria-label=\"3 de 5\"><figure class=\"swiper-slide-inner\"><img decoding=\"async\" class=\"swiper-slide-image\" src=\"https:\/\/monasteriomadredediossevilla.com\/wp-content\/uploads\/elementor\/thumbs\/Diseno-sin-titulo-2-scaled-rfpukan5sp23set5m96p0e9f938irww3n3aw6q8utc.png\" alt=\"Altar dedicado a san Mart\u00edn de Porres\" \/><figcaption class=\"elementor-image-carousel-caption\">Altar dedicado a san Mart\u00edn de Porres<\/figcaption><\/figure><\/div><div class=\"swiper-slide\" role=\"group\" aria-roledescription=\"slide\" aria-label=\"4 de 5\"><figure class=\"swiper-slide-inner\"><img decoding=\"async\" class=\"swiper-slide-image\" src=\"https:\/\/monasteriomadredediossevilla.com\/wp-content\/uploads\/elementor\/thumbs\/Diseno-sin-titulo-3-scaled-rfpv0nzyttgvzx130txrxrjfpojnu4vsw4cc37z0g0.png\" alt=\"Pante\u00f3n de do\u00f1a Juana de Z\u00fa\u00f1iga, esposa de Hern\u00e1n Cort\u00e9s\" \/><figcaption class=\"elementor-image-carousel-caption\">Pante\u00f3n de do\u00f1a Juana de Z\u00fa\u00f1iga, esposa de Hern\u00e1n Cort\u00e9s<\/figcaption><\/figure><\/div><div class=\"swiper-slide\" role=\"group\" aria-roledescription=\"slide\" aria-label=\"5 de 5\"><figure class=\"swiper-slide-inner\"><img decoding=\"async\" class=\"swiper-slide-image\" src=\"https:\/\/monasteriomadredediossevilla.com\/wp-content\/uploads\/elementor\/thumbs\/Diseno-sin-titulo-4-scaled-rfpv9hpeztjt047lhn9ocjd8hx1q3tx2rsugaqvy0w.png\" alt=\"Pante\u00f3n de do\u00f1a Catalina Cort\u00e9s, hija de Hern\u00e1n Cort\u00e9s\" \/><figcaption class=\"elementor-image-carousel-caption\">Pante\u00f3n de do\u00f1a Catalina Cort\u00e9s, hija de Hern\u00e1n Cort\u00e9s<\/figcaption><\/figure><\/div>\t\t\t<\/div>\n\t\t\t\t\t\t\t\t\t\t\t\t<div class=\"elementor-swiper-button elementor-swiper-button-prev\" role=\"button\" tabindex=\"0\">\n\t\t\t\t\t\t<svg aria-hidden=\"true\" class=\"e-font-icon-svg e-eicon-chevron-left\" viewBox=\"0 0 1000 1000\" xmlns=\"http:\/\/www.w3.org\/2000\/svg\"><path d=\"M646 125C629 125 613 133 604 142L308 442C296 454 292 471 292 487 292 504 296 521 308 533L604 854C617 867 629 875 646 875 663 875 679 871 692 858 704 846 713 829 713 812 713 796 708 779 692 767L438 487 692 225C700 217 708 204 708 187 708 171 704 154 692 142 675 129 663 125 646 125Z\"><\/path><\/svg>\t\t\t\t\t<\/div>\n\t\t\t\t\t<div class=\"elementor-swiper-button elementor-swiper-button-next\" role=\"button\" tabindex=\"0\">\n\t\t\t\t\t\t<svg aria-hidden=\"true\" class=\"e-font-icon-svg e-eicon-chevron-right\" viewBox=\"0 0 1000 1000\" xmlns=\"http:\/\/www.w3.org\/2000\/svg\"><path d=\"M696 533C708 521 713 504 713 487 713 471 708 454 696 446L400 146C388 133 375 125 354 125 338 125 325 129 313 142 300 154 292 171 292 187 292 204 296 221 308 233L563 492 304 771C292 783 288 800 288 817 288 833 296 850 308 863 321 871 338 875 354 875 371 875 388 867 400 854L696 533Z\"><\/path><\/svg>\t\t\t\t\t<\/div>\n\t\t\t\t\n\t\t\t\t\t\t\t\t\t<div class=\"swiper-pagination\"><\/div>\n\t\t\t\t\t\t\t\t\t<\/div>\n\t\t\t\t\t\t<\/div>\n\t\t\t\t<\/div>\n\t\t\t\t<div class=\"elementor-element elementor-element-a60d49e elementor-align-right elementor-widget elementor-widget-button\" data-id=\"a60d49e\" data-element_type=\"widget\" data-e-type=\"widget\" data-widget_type=\"button.default\">\n\t\t\t\t<div class=\"elementor-widget-container\">\n\t\t\t\t\t\t\t\t\t<div class=\"elementor-button-wrapper\">\n\t\t\t\t\t<a class=\"elementor-button elementor-button-link elementor-size-sm\" href=\"https:\/\/monasteriomadredediossevilla.com\/arte-e-historia\/\">\n\t\t\t\t\t\t<span class=\"elementor-button-content-wrapper\">\n\t\t\t\t\t\t<span class=\"elementor-button-icon\">\n\t\t\t\t<svg aria-hidden=\"true\" class=\"e-font-icon-svg e-fas-angle-double-left\" viewBox=\"0 0 448 512\" xmlns=\"http:\/\/www.w3.org\/2000\/svg\"><path d=\"M223.7 239l136-136c9.4-9.4 24.6-9.4 33.9 0l22.6 22.6c9.4 9.4 9.4 24.6 0 33.9L319.9 256l96.4 96.4c9.4 9.4 9.4 24.6 0 33.9L393.7 409c-9.4 9.4-24.6 9.4-33.9 0l-136-136c-9.5-9.4-9.5-24.6-.1-34zm-192 34l136 136c9.4 9.4 24.6 9.4 33.9 0l22.6-22.6c9.4-9.4 9.4-24.6 0-33.9L127.9 256l96.4-96.4c9.4-9.4 9.4-24.6 0-33.9L201.7 103c-9.4-9.4-24.6-9.4-33.9 0l-136 136c-9.5 9.4-9.5 24.6-.1 34z\"><\/path><\/svg>\t\t\t<\/span>\n\t\t\t\t\t\t\t\t\t<span class=\"elementor-button-text\">Regresar a Arte e historia<\/span>\n\t\t\t\t\t<\/span>\n\t\t\t\t\t<\/a>\n\t\t\t\t<\/div>\n\t\t\t\t\t\t\t\t<\/div>\n\t\t\t\t<\/div>\n\t\t\t\t<div class=\"elementor-element elementor-element-90c6443 elementor-widget-divider--view-line elementor-widget elementor-widget-divider\" data-id=\"90c6443\" data-element_type=\"widget\" data-e-type=\"widget\" data-widget_type=\"divider.default\">\n\t\t\t\t<div class=\"elementor-widget-container\">\n\t\t\t\t\t\t\t<div class=\"elementor-divider\">\n\t\t\t<span class=\"elementor-divider-separator\">\n\t\t\t\t\t\t<\/span>\n\t\t<\/div>\n\t\t\t\t\t\t<\/div>\n\t\t\t\t<\/div>\n\t\t\t\t<div class=\"elementor-element elementor-element-33966e3 elementor-widget elementor-widget-text-editor\" data-id=\"33966e3\" data-element_type=\"widget\" data-e-type=\"widget\" data-widget_type=\"text-editor.default\">\n\t\t\t\t<div class=\"elementor-widget-container\">\n\t\t\t\t\t\t\t\t\t<p>Para saber m\u00e1s:<\/p><p>Palomero P\u00e1ramo, J. M. (1983). <em>El retablo sevillano del Renacimiento. An\u00e1lisis y evoluci\u00f3n.<\/em> (1560-<br \/>1629). Excma. Diputaci\u00f3n Provincial de Sevilla.<\/p><p>Calder\u00f3n Benjumea, C. y Calder\u00f3n Benjumea, J. A. (2004). <em>El Real Monasterio de Madre de Dios<\/em><br \/><em>de Sevilla.<\/em> Ediciones Guadalquivir.<\/p><p>AAVV. (2024). <em>Lugares de paz y oraci\u00f3n<\/em>. Hortus conclusus. Real Maestranza de Caballer\u00eda.<\/p>\t\t\t\t\t\t\t\t<\/div>\n\t\t\t\t<\/div>\n\t\t\t\t<div class=\"elementor-element elementor-element-179af73 elementor-widget-divider--view-line elementor-widget elementor-widget-divider\" data-id=\"179af73\" data-element_type=\"widget\" data-e-type=\"widget\" data-widget_type=\"divider.default\">\n\t\t\t\t<div class=\"elementor-widget-container\">\n\t\t\t\t\t\t\t<div class=\"elementor-divider\">\n\t\t\t<span class=\"elementor-divider-separator\">\n\t\t\t\t\t\t<\/span>\n\t\t<\/div>\n\t\t\t\t\t\t<\/div>\n\t\t\t\t<\/div>\n\t\t\t\t\t<\/div>\n\t\t<\/div>\n\t\t\t\t\t<\/div>\n\t\t<\/section>\n\t\t\t\t<\/div>\n\t\t","protected":false},"excerpt":{"rendered":"<p>La planta de esta iglesia es de \u00fanica nave y de tipo caj\u00f3n, est\u00e1 formada por un rect\u00e1ngulo de 45 metros y 38 cent\u00edmetros de largo por 10 metros y 24 cent\u00edmetros de ancho. En ella se sit\u00faan, capillas, retablos, esculturas religiosas y yacentes, l\u00e1pidas, obras pict\u00f3ricas de rejer\u00eda y azulejer\u00eda. El esquema de la [&hellip;]<\/p>\n","protected":false},"author":1,"featured_media":0,"parent":2168,"menu_order":0,"comment_status":"closed","ping_status":"closed","template":"elementor_header_footer","meta":{"ub_ctt_via":"","ocean_post_layout":"","ocean_both_sidebars_style":"","ocean_both_sidebars_content_width":0,"ocean_both_sidebars_sidebars_width":0,"ocean_sidebar":"","ocean_second_sidebar":"","ocean_disable_margins":"enable","ocean_add_body_class":"","ocean_shortcode_before_top_bar":"","ocean_shortcode_after_top_bar":"","ocean_shortcode_before_header":"","ocean_shortcode_after_header":"","ocean_has_shortcode":"","ocean_shortcode_after_title":"","ocean_shortcode_before_footer_widgets":"","ocean_shortcode_after_footer_widgets":"","ocean_shortcode_before_footer_bottom":"","ocean_shortcode_after_footer_bottom":"","ocean_display_top_bar":"default","ocean_display_header":"default","ocean_header_style":"","ocean_center_header_left_menu":"","ocean_custom_header_template":"","ocean_custom_logo":0,"ocean_custom_retina_logo":0,"ocean_custom_logo_max_width":0,"ocean_custom_logo_tablet_max_width":0,"ocean_custom_logo_mobile_max_width":0,"ocean_custom_logo_max_height":0,"ocean_custom_logo_tablet_max_height":0,"ocean_custom_logo_mobile_max_height":0,"ocean_header_custom_menu":"","ocean_menu_typo_font_family":"","ocean_menu_typo_font_subset":"","ocean_menu_typo_font_size":0,"ocean_menu_typo_font_size_tablet":0,"ocean_menu_typo_font_size_mobile":0,"ocean_menu_typo_font_size_unit":"px","ocean_menu_typo_font_weight":"","ocean_menu_typo_font_weight_tablet":"","ocean_menu_typo_font_weight_mobile":"","ocean_menu_typo_transform":"","ocean_menu_typo_transform_tablet":"","ocean_menu_typo_transform_mobile":"","ocean_menu_typo_line_height":0,"ocean_menu_typo_line_height_tablet":0,"ocean_menu_typo_line_height_mobile":0,"ocean_menu_typo_line_height_unit":"","ocean_menu_typo_spacing":0,"ocean_menu_typo_spacing_tablet":0,"ocean_menu_typo_spacing_mobile":0,"ocean_menu_typo_spacing_unit":"","ocean_menu_link_color":"","ocean_menu_link_color_hover":"","ocean_menu_link_color_active":"","ocean_menu_link_background":"","ocean_menu_link_hover_background":"","ocean_menu_link_active_background":"","ocean_menu_social_links_bg":"","ocean_menu_social_hover_links_bg":"","ocean_menu_social_links_color":"","ocean_menu_social_hover_links_color":"","ocean_disable_title":"default","ocean_disable_heading":"default","ocean_post_title":"","ocean_post_subheading":"","ocean_post_title_style":"","ocean_post_title_background_color":"","ocean_post_title_background":0,"ocean_post_title_bg_image_position":"","ocean_post_title_bg_image_attachment":"","ocean_post_title_bg_image_repeat":"","ocean_post_title_bg_image_size":"","ocean_post_title_height":0,"ocean_post_title_bg_overlay":0.5,"ocean_post_title_bg_overlay_color":"","ocean_disable_breadcrumbs":"default","ocean_breadcrumbs_color":"","ocean_breadcrumbs_separator_color":"","ocean_breadcrumbs_links_color":"","ocean_breadcrumbs_links_hover_color":"","ocean_display_footer_widgets":"default","ocean_display_footer_bottom":"default","ocean_custom_footer_template":"","footnotes":""},"class_list":["post-2191","page","type-page","status-publish","hentry","entry"],"featured_image_src":null,"_links":{"self":[{"href":"https:\/\/monasteriomadredediossevilla.com\/es_es\/wp-json\/wp\/v2\/pages\/2191","targetHints":{"allow":["GET"]}}],"collection":[{"href":"https:\/\/monasteriomadredediossevilla.com\/es_es\/wp-json\/wp\/v2\/pages"}],"about":[{"href":"https:\/\/monasteriomadredediossevilla.com\/es_es\/wp-json\/wp\/v2\/types\/page"}],"author":[{"embeddable":true,"href":"https:\/\/monasteriomadredediossevilla.com\/es_es\/wp-json\/wp\/v2\/users\/1"}],"replies":[{"embeddable":true,"href":"https:\/\/monasteriomadredediossevilla.com\/es_es\/wp-json\/wp\/v2\/comments?post=2191"}],"version-history":[{"count":16,"href":"https:\/\/monasteriomadredediossevilla.com\/es_es\/wp-json\/wp\/v2\/pages\/2191\/revisions"}],"predecessor-version":[{"id":2391,"href":"https:\/\/monasteriomadredediossevilla.com\/es_es\/wp-json\/wp\/v2\/pages\/2191\/revisions\/2391"}],"up":[{"embeddable":true,"href":"https:\/\/monasteriomadredediossevilla.com\/es_es\/wp-json\/wp\/v2\/pages\/2168"}],"wp:attachment":[{"href":"https:\/\/monasteriomadredediossevilla.com\/es_es\/wp-json\/wp\/v2\/media?parent=2191"}],"curies":[{"name":"wp","href":"https:\/\/api.w.org\/{rel}","templated":true}]}}