{"id":2203,"date":"2025-12-08T13:47:45","date_gmt":"2025-12-08T12:47:45","guid":{"rendered":"https:\/\/monasteriomadredediossevilla.com\/?page_id=2203"},"modified":"2025-12-08T13:47:45","modified_gmt":"2025-12-08T12:47:45","slug":"retablo-santo-entierro","status":"publish","type":"page","link":"https:\/\/monasteriomadredediossevilla.com\/es_es\/arte-e-historia\/retablo-santo-entierro\/","title":{"rendered":"Retablo del Santo Entierro de Cristo"},"content":{"rendered":"\t\t<div data-elementor-type=\"wp-page\" data-elementor-id=\"2203\" class=\"elementor elementor-2203\">\n\t\t\t\t\t\t<section class=\"elementor-section elementor-top-section elementor-element elementor-element-00ab0f4 elementor-section-height-min-height elementor-section-boxed elementor-section-height-default elementor-section-items-middle\" data-id=\"00ab0f4\" data-element_type=\"section\" data-e-type=\"section\" data-settings=\"{&quot;background_background&quot;:&quot;classic&quot;}\">\n\t\t\t\t\t\t\t<div class=\"elementor-background-overlay\"><\/div>\n\t\t\t\t\t\t\t<div class=\"elementor-container elementor-column-gap-default\">\n\t\t\t\t\t<div class=\"elementor-column elementor-col-50 elementor-top-column elementor-element elementor-element-cd403c6\" data-id=\"cd403c6\" data-element_type=\"column\" data-e-type=\"column\">\n\t\t\t<div class=\"elementor-widget-wrap\">\n\t\t\t\t\t\t\t<\/div>\n\t\t<\/div>\n\t\t\t\t<div class=\"elementor-column elementor-col-50 elementor-top-column elementor-element elementor-element-ad01b2c\" data-id=\"ad01b2c\" data-element_type=\"column\" data-e-type=\"column\" data-settings=\"{&quot;background_background&quot;:&quot;classic&quot;}\">\n\t\t\t<div class=\"elementor-widget-wrap elementor-element-populated\">\n\t\t\t\t\t\t<div class=\"elementor-element elementor-element-845e51c elementor-widget-divider--view-line elementor-widget elementor-widget-divider\" data-id=\"845e51c\" data-element_type=\"widget\" data-e-type=\"widget\" data-widget_type=\"divider.default\">\n\t\t\t\t<div class=\"elementor-widget-container\">\n\t\t\t\t\t\t\t<div class=\"elementor-divider\">\n\t\t\t<span class=\"elementor-divider-separator\">\n\t\t\t\t\t\t<\/span>\n\t\t<\/div>\n\t\t\t\t\t\t<\/div>\n\t\t\t\t<\/div>\n\t\t\t\t<div class=\"elementor-element elementor-element-3232543 elementor-widget elementor-widget-text-editor\" data-id=\"3232543\" data-element_type=\"widget\" data-e-type=\"widget\" data-widget_type=\"text-editor.default\">\n\t\t\t\t<div class=\"elementor-widget-container\">\n\t\t\t\t\t\t\t\t\t<p>Obra realizada entre 1580 y 1585. La participaci\u00f3n de <strong>Miguel Ad\u00e1n<\/strong> en la creaci\u00f3n del retablo fue indudable.<\/p><p>Una vez atravesado el cancel, se localiza a la izquierda, en el muro del evangelio, el retablo del Santo Entierro de Cristo, de estilo renacentista. Est\u00e1 formado por un arco de medio punto ciego, a modo de hornacina, sirviendo el interior para acoger una pintura sobre tabla representando al Santo Entierro. La mayor parte de la totalidad del retablo se encuentra dorado y otra parte policromado y estofado.<\/p><p>El nombre del retablo hace alusi\u00f3n a la pintura central del conjunto arquitect\u00f3nico realizada al \u00f3leo sobre tabla, cuya iconograf\u00eda es el Entierro de Cristo. Esta pintura recoge el momento en el que Cristo est\u00e1 siendo embalsamado por Jos\u00e9 de Arimatea y Nicodemo. La figura de la Virgen act\u00faa como eje principal y compositivo de la obra siendo de mayor tama\u00f1o que el resto de personajes, sirviendo esta composici\u00f3n para crear un efecto de perspectiva en la pintura. Todos reflejan el dolor y la consternaci\u00f3n del momento tan doloroso que est\u00e1 siendo representado.<br \/>Diversos autores atribuyen esta obra a la escuela flamenca hacia 1525 aunque no existe certeza clara.<\/p><p>Los laterales del retablo est\u00e1n decorados con pinturas, cuya iconograf\u00eda representa, por un lado a San Andr\u00e9s y Santiago, en el lateral izquierdo, y en el lateral derecho se encuentra la iconograf\u00eda de la Visitaci\u00f3n de la Virgen, tambi\u00e9n en pintura sobre tabla. Estas obras estar\u00edan atribuidas a <strong>Villegas<\/strong> y <strong>Marmolejo<\/strong> hacia 1575, debido a la similitud con una pintura, dedicada tambi\u00e9n a Santiago, del mismo autor que se localiza en el retablo de la Visitaci\u00f3n en la Catedral de Sevilla.<\/p><p>Sin embargo, todas las pinturas representadas en el retablo no poseen la misma cronolog\u00eda, por lo que se deduce que las pinturas laterales, descritas anteriormente, habr\u00edan sido realizadas para otro lugar y reaprovechadas para este retablo. Aunque no ocurre lo mismo con las que se localizan en el primer nivel de los laterales que s\u00ed coinciden con la misma dataci\u00f3n que la del propio retablo. Estas pinturas, de menor tama\u00f1o, simbolizar\u00edan la Imposici\u00f3n de la Casulla de San Ildefonso, ubicada en el lado izquierdo; y en el lado derecho el Martirio de Santa Catalina.<\/p><p>Seg\u00fan la inscripci\u00f3n que se localiza en la zona inferior ubica la pintura en 1620. Sin embargo, este dato no es del todo fiable para diversos autores, ya que las caracter\u00edsticas estil\u00edsticas y t\u00e9cnicas y la tem\u00e1tica representada en este conjunto concuerda m\u00e1s con los a\u00f1os 1580 y 1585.<\/p><p>As\u00ed mismo, la autor\u00eda estar\u00eda inclinada hacia Miguel Ad\u00e1n. En el caso del retablo del Santo Entierro, nos encontramos con un frontal de altar en el que predominan los colores azul, amarillo y blanco, decorado con motivos platerescos, dibuj\u00e1ndose en el fondo un motivo geom\u00e9trico y representando en el centro una Virgen con luna en los pies y el Ni\u00f1o en brazos recordando a la iconograf\u00eda de la Inmaculada.<\/p><p>La zona superior la decora una cenefa decorada con \u00e1ngeles alados y guirnaldas, y los laterales representan figuras aladas sim\u00e9tricamente. Se enmarca en el siglo XVII.<\/p>\t\t\t\t\t\t\t\t<\/div>\n\t\t\t\t<\/div>\n\t\t\t\t<div class=\"elementor-element elementor-element-7419e98 elementor-arrows-position-inside elementor-pagination-position-outside elementor-widget elementor-widget-image-carousel\" data-id=\"7419e98\" data-element_type=\"widget\" data-e-type=\"widget\" data-settings=\"{&quot;slides_to_show&quot;:&quot;1&quot;,&quot;navigation&quot;:&quot;both&quot;,&quot;autoplay&quot;:&quot;yes&quot;,&quot;pause_on_hover&quot;:&quot;yes&quot;,&quot;pause_on_interaction&quot;:&quot;yes&quot;,&quot;autoplay_speed&quot;:5000,&quot;infinite&quot;:&quot;yes&quot;,&quot;effect&quot;:&quot;slide&quot;,&quot;speed&quot;:500}\" data-widget_type=\"image-carousel.default\">\n\t\t\t\t<div class=\"elementor-widget-container\">\n\t\t\t\t\t\t\t<div class=\"elementor-image-carousel-wrapper swiper\" role=\"region\" aria-roledescription=\"carousel\" aria-label=\"Carrusel de im\u00e1genes\" dir=\"ltr\">\n\t\t\t<div class=\"elementor-image-carousel swiper-wrapper\" aria-live=\"off\">\n\t\t\t\t\t\t\t\t<div class=\"swiper-slide\" role=\"group\" aria-roledescription=\"slide\" aria-label=\"1 of 3\"><figure class=\"swiper-slide-inner\"><img decoding=\"async\" class=\"swiper-slide-image\" src=\"https:\/\/monasteriomadredediossevilla.com\/wp-content\/uploads\/elementor\/thumbs\/IMG_5967-scaled-rfpw6c6dteiipkhzouech8z3sn5h32bemdja0u6olc.jpg\" alt=\"Vista general del retablo del Santo Entierro de Cristo\" \/><figcaption class=\"elementor-image-carousel-caption\">Vista general del retablo del Santo Entierro de Cristo<\/figcaption><\/figure><\/div><div class=\"swiper-slide\" role=\"group\" aria-roledescription=\"slide\" aria-label=\"2 of 3\"><figure class=\"swiper-slide-inner\"><img decoding=\"async\" class=\"swiper-slide-image\" src=\"https:\/\/monasteriomadredediossevilla.com\/wp-content\/uploads\/elementor\/thumbs\/SantoEntierro-scaled-rffjyn3kidc8keb1i92cy46fo2ju8tg7c19zjw1s00.jpg\" alt=\"Escena central del retablo\" \/><figcaption class=\"elementor-image-carousel-caption\">Escena central del retablo<\/figcaption><\/figure><\/div><div class=\"swiper-slide\" role=\"group\" aria-roledescription=\"slide\" aria-label=\"3 of 3\"><figure class=\"swiper-slide-inner\"><img decoding=\"async\" class=\"swiper-slide-image\" src=\"https:\/\/monasteriomadredediossevilla.com\/wp-content\/uploads\/elementor\/thumbs\/IMG_5968-scaled-e1764954861681-rfpwb2b66ezf2zmv3dxtik1jbduwsa2tlrm5vx6fb4.jpg\" alt=\"Inscripci\u00f3n bajo la escena principal y azulejer\u00eda del altar\" \/><figcaption class=\"elementor-image-carousel-caption\">Inscripci\u00f3n bajo la escena principal y azulejer\u00eda del altar<\/figcaption><\/figure><\/div>\t\t\t<\/div>\n\t\t\t\t\t\t\t\t\t\t\t\t<div class=\"elementor-swiper-button elementor-swiper-button-prev\" role=\"button\" tabindex=\"0\">\n\t\t\t\t\t\t<svg aria-hidden=\"true\" class=\"e-font-icon-svg e-eicon-chevron-left\" viewBox=\"0 0 1000 1000\" xmlns=\"http:\/\/www.w3.org\/2000\/svg\"><path d=\"M646 125C629 125 613 133 604 142L308 442C296 454 292 471 292 487 292 504 296 521 308 533L604 854C617 867 629 875 646 875 663 875 679 871 692 858 704 846 713 829 713 812 713 796 708 779 692 767L438 487 692 225C700 217 708 204 708 187 708 171 704 154 692 142 675 129 663 125 646 125Z\"><\/path><\/svg>\t\t\t\t\t<\/div>\n\t\t\t\t\t<div class=\"elementor-swiper-button elementor-swiper-button-next\" role=\"button\" tabindex=\"0\">\n\t\t\t\t\t\t<svg aria-hidden=\"true\" class=\"e-font-icon-svg e-eicon-chevron-right\" viewBox=\"0 0 1000 1000\" xmlns=\"http:\/\/www.w3.org\/2000\/svg\"><path d=\"M696 533C708 521 713 504 713 487 713 471 708 454 696 446L400 146C388 133 375 125 354 125 338 125 325 129 313 142 300 154 292 171 292 187 292 204 296 221 308 233L563 492 304 771C292 783 288 800 288 817 288 833 296 850 308 863 321 871 338 875 354 875 371 875 388 867 400 854L696 533Z\"><\/path><\/svg>\t\t\t\t\t<\/div>\n\t\t\t\t\n\t\t\t\t\t\t\t\t\t<div class=\"swiper-pagination\"><\/div>\n\t\t\t\t\t\t\t\t\t<\/div>\n\t\t\t\t\t\t<\/div>\n\t\t\t\t<\/div>\n\t\t\t\t<div class=\"elementor-element elementor-element-a480d9c elementor-align-right elementor-widget elementor-widget-button\" data-id=\"a480d9c\" data-element_type=\"widget\" data-e-type=\"widget\" data-widget_type=\"button.default\">\n\t\t\t\t<div class=\"elementor-widget-container\">\n\t\t\t\t\t\t\t\t\t<div class=\"elementor-button-wrapper\">\n\t\t\t\t\t<a class=\"elementor-button elementor-button-link elementor-size-sm\" href=\"https:\/\/monasteriomadredediossevilla.com\/arte-e-historia\/\">\n\t\t\t\t\t\t<span class=\"elementor-button-content-wrapper\">\n\t\t\t\t\t\t<span class=\"elementor-button-icon\">\n\t\t\t\t<svg aria-hidden=\"true\" class=\"e-font-icon-svg e-fas-angle-double-left\" viewBox=\"0 0 448 512\" xmlns=\"http:\/\/www.w3.org\/2000\/svg\"><path d=\"M223.7 239l136-136c9.4-9.4 24.6-9.4 33.9 0l22.6 22.6c9.4 9.4 9.4 24.6 0 33.9L319.9 256l96.4 96.4c9.4 9.4 9.4 24.6 0 33.9L393.7 409c-9.4 9.4-24.6 9.4-33.9 0l-136-136c-9.5-9.4-9.5-24.6-.1-34zm-192 34l136 136c9.4 9.4 24.6 9.4 33.9 0l22.6-22.6c9.4-9.4 9.4-24.6 0-33.9L127.9 256l96.4-96.4c9.4-9.4 9.4-24.6 0-33.9L201.7 103c-9.4-9.4-24.6-9.4-33.9 0l-136 136c-9.5 9.4-9.5 24.6-.1 34z\"><\/path><\/svg>\t\t\t<\/span>\n\t\t\t\t\t\t\t\t\t<span class=\"elementor-button-text\">regresar a arte e historia<\/span>\n\t\t\t\t\t<\/span>\n\t\t\t\t\t<\/a>\n\t\t\t\t<\/div>\n\t\t\t\t\t\t\t\t<\/div>\n\t\t\t\t<\/div>\n\t\t\t\t<div class=\"elementor-element elementor-element-c76dba2 elementor-widget-divider--view-line elementor-widget elementor-widget-divider\" data-id=\"c76dba2\" data-element_type=\"widget\" data-e-type=\"widget\" data-widget_type=\"divider.default\">\n\t\t\t\t<div class=\"elementor-widget-container\">\n\t\t\t\t\t\t\t<div class=\"elementor-divider\">\n\t\t\t<span class=\"elementor-divider-separator\">\n\t\t\t\t\t\t<\/span>\n\t\t<\/div>\n\t\t\t\t\t\t<\/div>\n\t\t\t\t<\/div>\n\t\t\t\t\t<\/div>\n\t\t<\/div>\n\t\t\t\t\t<\/div>\n\t\t<\/section>\n\t\t\t\t<\/div>\n\t\t","protected":false},"excerpt":{"rendered":"<p>Obra realizada entre 1580 y 1585. La participaci\u00f3n de Miguel Ad\u00e1n en la creaci\u00f3n del retablo fue indudable. Una vez atravesado el cancel, se localiza a la izquierda, en el muro del evangelio, el retablo del Santo Entierro de Cristo, de estilo renacentista. Est\u00e1 formado por un arco de medio punto ciego, a modo de [&hellip;]<\/p>\n","protected":false},"author":1,"featured_media":0,"parent":2168,"menu_order":0,"comment_status":"closed","ping_status":"closed","template":"elementor_header_footer","meta":{"ub_ctt_via":"","ocean_post_layout":"","ocean_both_sidebars_style":"","ocean_both_sidebars_content_width":0,"ocean_both_sidebars_sidebars_width":0,"ocean_sidebar":"","ocean_second_sidebar":"","ocean_disable_margins":"enable","ocean_add_body_class":"","ocean_shortcode_before_top_bar":"","ocean_shortcode_after_top_bar":"","ocean_shortcode_before_header":"","ocean_shortcode_after_header":"","ocean_has_shortcode":"","ocean_shortcode_after_title":"","ocean_shortcode_before_footer_widgets":"","ocean_shortcode_after_footer_widgets":"","ocean_shortcode_before_footer_bottom":"","ocean_shortcode_after_footer_bottom":"","ocean_display_top_bar":"default","ocean_display_header":"default","ocean_header_style":"","ocean_center_header_left_menu":"","ocean_custom_header_template":"","ocean_custom_logo":0,"ocean_custom_retina_logo":0,"ocean_custom_logo_max_width":0,"ocean_custom_logo_tablet_max_width":0,"ocean_custom_logo_mobile_max_width":0,"ocean_custom_logo_max_height":0,"ocean_custom_logo_tablet_max_height":0,"ocean_custom_logo_mobile_max_height":0,"ocean_header_custom_menu":"","ocean_menu_typo_font_family":"","ocean_menu_typo_font_subset":"","ocean_menu_typo_font_size":0,"ocean_menu_typo_font_size_tablet":0,"ocean_menu_typo_font_size_mobile":0,"ocean_menu_typo_font_size_unit":"px","ocean_menu_typo_font_weight":"","ocean_menu_typo_font_weight_tablet":"","ocean_menu_typo_font_weight_mobile":"","ocean_menu_typo_transform":"","ocean_menu_typo_transform_tablet":"","ocean_menu_typo_transform_mobile":"","ocean_menu_typo_line_height":0,"ocean_menu_typo_line_height_tablet":0,"ocean_menu_typo_line_height_mobile":0,"ocean_menu_typo_line_height_unit":"","ocean_menu_typo_spacing":0,"ocean_menu_typo_spacing_tablet":0,"ocean_menu_typo_spacing_mobile":0,"ocean_menu_typo_spacing_unit":"","ocean_menu_link_color":"","ocean_menu_link_color_hover":"","ocean_menu_link_color_active":"","ocean_menu_link_background":"","ocean_menu_link_hover_background":"","ocean_menu_link_active_background":"","ocean_menu_social_links_bg":"","ocean_menu_social_hover_links_bg":"","ocean_menu_social_links_color":"","ocean_menu_social_hover_links_color":"","ocean_disable_title":"default","ocean_disable_heading":"default","ocean_post_title":"","ocean_post_subheading":"","ocean_post_title_style":"","ocean_post_title_background_color":"","ocean_post_title_background":0,"ocean_post_title_bg_image_position":"","ocean_post_title_bg_image_attachment":"","ocean_post_title_bg_image_repeat":"","ocean_post_title_bg_image_size":"","ocean_post_title_height":0,"ocean_post_title_bg_overlay":0.5,"ocean_post_title_bg_overlay_color":"","ocean_disable_breadcrumbs":"default","ocean_breadcrumbs_color":"","ocean_breadcrumbs_separator_color":"","ocean_breadcrumbs_links_color":"","ocean_breadcrumbs_links_hover_color":"","ocean_display_footer_widgets":"default","ocean_display_footer_bottom":"default","ocean_custom_footer_template":"","footnotes":""},"class_list":["post-2203","page","type-page","status-publish","hentry","entry"],"featured_image_src":null,"_links":{"self":[{"href":"https:\/\/monasteriomadredediossevilla.com\/es_es\/wp-json\/wp\/v2\/pages\/2203","targetHints":{"allow":["GET"]}}],"collection":[{"href":"https:\/\/monasteriomadredediossevilla.com\/es_es\/wp-json\/wp\/v2\/pages"}],"about":[{"href":"https:\/\/monasteriomadredediossevilla.com\/es_es\/wp-json\/wp\/v2\/types\/page"}],"author":[{"embeddable":true,"href":"https:\/\/monasteriomadredediossevilla.com\/es_es\/wp-json\/wp\/v2\/users\/1"}],"replies":[{"embeddable":true,"href":"https:\/\/monasteriomadredediossevilla.com\/es_es\/wp-json\/wp\/v2\/comments?post=2203"}],"version-history":[{"count":25,"href":"https:\/\/monasteriomadredediossevilla.com\/es_es\/wp-json\/wp\/v2\/pages\/2203\/revisions"}],"predecessor-version":[{"id":2361,"href":"https:\/\/monasteriomadredediossevilla.com\/es_es\/wp-json\/wp\/v2\/pages\/2203\/revisions\/2361"}],"up":[{"embeddable":true,"href":"https:\/\/monasteriomadredediossevilla.com\/es_es\/wp-json\/wp\/v2\/pages\/2168"}],"wp:attachment":[{"href":"https:\/\/monasteriomadredediossevilla.com\/es_es\/wp-json\/wp\/v2\/media?parent=2203"}],"curies":[{"name":"wp","href":"https:\/\/api.w.org\/{rel}","templated":true}]}}