{"id":2262,"date":"2025-12-08T13:38:48","date_gmt":"2025-12-08T12:38:48","guid":{"rendered":"https:\/\/monasteriomadredediossevilla.com\/?page_id=2262"},"modified":"2025-12-08T13:55:17","modified_gmt":"2025-12-08T12:55:17","slug":"retablo-virgen-del-rosario","status":"publish","type":"page","link":"https:\/\/monasteriomadredediossevilla.com\/es_es\/arte-e-historia\/retablo-virgen-del-rosario\/","title":{"rendered":"Retablo de la Virgen del Rosario"},"content":{"rendered":"\t\t<div data-elementor-type=\"wp-page\" data-elementor-id=\"2262\" class=\"elementor elementor-2262\">\n\t\t\t\t<div class=\"elementor-element elementor-element-2047c77 e-flex e-con-boxed e-con e-parent\" data-id=\"2047c77\" data-element_type=\"container\" data-e-type=\"container\" data-settings=\"{&quot;background_background&quot;:&quot;classic&quot;}\">\n\t\t\t\t\t<div class=\"e-con-inner\">\n\t\t<div class=\"elementor-element elementor-element-6b75660 e-con-full e-flex e-con e-child\" data-id=\"6b75660\" data-element_type=\"container\" data-e-type=\"container\">\n\t\t<div class=\"elementor-element elementor-element-790b0a6 e-con-full e-flex e-con e-child\" data-id=\"790b0a6\" data-element_type=\"container\" data-e-type=\"container\">\n\t\t\t\t<div class=\"elementor-element elementor-element-c4f00fa elementor-widget-divider--view-line elementor-widget elementor-widget-divider\" data-id=\"c4f00fa\" data-element_type=\"widget\" data-e-type=\"widget\" data-widget_type=\"divider.default\">\n\t\t\t\t<div class=\"elementor-widget-container\">\n\t\t\t\t\t\t\t<div class=\"elementor-divider\">\n\t\t\t<span class=\"elementor-divider-separator\">\n\t\t\t\t\t\t<\/span>\n\t\t<\/div>\n\t\t\t\t\t\t<\/div>\n\t\t\t\t<\/div>\n\t\t\t\t<div class=\"elementor-element elementor-element-4533fff elementor-widget elementor-widget-text-editor\" data-id=\"4533fff\" data-element_type=\"widget\" data-e-type=\"widget\" data-widget_type=\"text-editor.default\">\n\t\t\t\t<div class=\"elementor-widget-container\">\n\t\t\t\t\t\t\t\t\t<p>El retablo de la Virgen del Rosario, se realiz\u00f3 a petici\u00f3n de sor Mar\u00eda de la Resurrecci\u00f3n en 1593, siendo profesa en el monasterio. Como los retablos mencionados con anterioridad mantienen una estructura arquitect\u00f3nica del tipo de arco triunfa y su autor\u00eda pertenece tambi\u00e9n a <b>Miguel Ad\u00e1n<\/b>.<\/p><p>La estructura del retablo se compone de dos cuerpos, el inferior, constituido por el arco, las im\u00e1genes de bulto redondo y una pintura sobre tabla; y el superior formado por el \u00e1tico.<\/p><p>Respecto al cuerpo inferior, la imagen de la Virgen del Rosario preside el centro del conjunto realizada en bulto redondo colocada dentro de una hornacina rectangular y apoyada sobre una peana junto a las esculturas de Santo Domingo de Guzm\u00e1n y Santo Tom\u00e1s de Aquino, portando \u00e9ste un peque\u00f1o templo que simboliza a la Iglesia, y ubicados tambi\u00e9n en el interior de dos hornacinas con remate curvo. Este conjunto escult\u00f3rico se halla flanqueado por los quince misterios, situ\u00e1ndose los Evangelistas y Padres de la Iglesia en el pedestal y los santos dominicos y franciscanos m\u00e1s relevantes situados en la rosca del arco.<\/p><p>Sobre la escultura de la Virgen del Rosario se localiza una pintura sobre tabla de finales del siglo XV de Santa Mar\u00eda del P\u00f3pulo; a cada lado se aprecian dos relieves de la Tota Pulchra y la Inmaculada Concepci\u00f3n, y en las enjutas del arco se representa a San Juan Bautista y Santo Domingo y Santa Catalina y Santa B\u00e1rbara. El resto del retablo est\u00e1 compuesto por relieves dispuestos a la derecha los misterios dolorosos, a la derecha y en el \u00e1tico los misterios gloriosos y a la izquierda los gozosos.<\/p><p>Por otro lado el \u00e1tico est\u00e1 dividido en cinco cuerpos rematados por frontones triangulares y curvos intercalados, siendo el central de mayor altura representando la iconograf\u00eda de la Coronaci\u00f3n de la Virgen por la Sant\u00edsima Trinidad o quinto misterio glorioso del rosario rematado con un escudo decorativo. Los relieves contiguos representas \u00e1ngeles y en los extremos se representan el quinto misterio gozoso, en el lado izquierdo y el doloroso en el derecho.<\/p><p>En cuanto a la iconograf\u00eda que se refleja en el retablo es de un absoluto car\u00e1cter dominico, apareciendo la Virgen del Rosario rodeada por los quince misterios dolorosos, gozosos y gloriosos con la intenci\u00f3n de que los fieles mientras rezaban mirasen atentamente cada escena que all\u00ed se plasmaba. Es una factura art\u00edstica con un acentuado clasicismo y escrupuloso trato de los detalles incentivando el realismo de las im\u00e1genes gracias a la acertada policrom\u00eda aplicada.<\/p><p>Se pueden distinguir las siguientes escenas en la iconograf\u00eda representada: en la base se localiza a Eva; San Juan y San Lucas; San Gregorio y San Jer\u00f3nimo; Santo Domingo recibiendo el b\u00e1culo y las Ep\u00edstolas de San Pedro y de San Pablo; San Agust\u00edn y San Ambrosio; San Mateo y San Marcos; y Ad\u00e1n. Continuando hacia arriba se ubican en la rosca del arco el Nacimiento de la Virgen; San P\u00edo V, San Diego de Alcal\u00e1 y San Vicente Ferrer; San Francisco y San Pedro M\u00e1rtir; San Antonio, San Telmo y San Buenaventura; y Presentaci\u00f3n de la Virgen. As\u00ed mismo, en el \u00e1tico se localizan dos \u00e1ngeles. Por \u00faltimo se representan tambi\u00e9n los Misterios Gozosos; los Misterios Gloriosos los Misterios Dolorosos.<\/p>\t\t\t\t\t\t\t\t<\/div>\n\t\t\t\t<\/div>\n\t\t\t\t<\/div>\n\t\t\t\t<div class=\"elementor-element elementor-element-a2dc2a4 elementor-arrows-position-outside elementor-pagination-position-outside elementor-widget elementor-widget-image-carousel\" data-id=\"a2dc2a4\" data-element_type=\"widget\" data-e-type=\"widget\" data-settings=\"{&quot;slides_to_show&quot;:&quot;1&quot;,&quot;navigation&quot;:&quot;both&quot;,&quot;autoplay&quot;:&quot;yes&quot;,&quot;pause_on_hover&quot;:&quot;yes&quot;,&quot;pause_on_interaction&quot;:&quot;yes&quot;,&quot;autoplay_speed&quot;:5000,&quot;infinite&quot;:&quot;yes&quot;,&quot;effect&quot;:&quot;slide&quot;,&quot;speed&quot;:500}\" data-widget_type=\"image-carousel.default\">\n\t\t\t\t<div class=\"elementor-widget-container\">\n\t\t\t\t\t\t\t<div class=\"elementor-image-carousel-wrapper swiper\" role=\"region\" aria-roledescription=\"carousel\" aria-label=\"Carrusel de im\u00e1genes\" dir=\"ltr\">\n\t\t\t<div class=\"elementor-image-carousel swiper-wrapper\" aria-live=\"off\">\n\t\t\t\t\t\t\t\t<div class=\"swiper-slide\" role=\"group\" aria-roledescription=\"slide\" aria-label=\"1 of 3\"><figure class=\"swiper-slide-inner\"><img decoding=\"async\" class=\"swiper-slide-image\" src=\"https:\/\/monasteriomadredediossevilla.com\/wp-content\/uploads\/elementor\/thumbs\/IMG_5972-scaled-rfurjza1ezewhzkzgg870iuv620kd81bo01d6yvwg0.jpg\" alt=\"Vista general del retablo de la Virgen del Rosario\" \/><figcaption class=\"elementor-image-carousel-caption\">Vista general del retablo de la Virgen del Rosario<\/figcaption><\/figure><\/div><div class=\"swiper-slide\" role=\"group\" aria-roledescription=\"slide\" aria-label=\"2 of 3\"><figure class=\"swiper-slide-inner\"><img decoding=\"async\" class=\"swiper-slide-image\" src=\"https:\/\/monasteriomadredediossevilla.com\/wp-content\/uploads\/elementor\/thumbs\/Diseno-sin-titulo-11-scaled-rfurhagnv1qda5hm5sdmdpadzd9rcecyyoucrgvg8w.png\" alt=\"Escultura de la Virgen del Rosario, acompa\u00f1ada por Santo Domingo de Guzm\u00e1n y Santo Tom\u00e1s de Aquino\" \/><figcaption class=\"elementor-image-carousel-caption\">Escultura de la Virgen del Rosario, acompa\u00f1ada por Santo Domingo de Guzm\u00e1n y Santo Tom\u00e1s de Aquino<\/figcaption><\/figure><\/div><div class=\"swiper-slide\" role=\"group\" aria-roledescription=\"slide\" aria-label=\"3 of 3\"><figure class=\"swiper-slide-inner\"><img decoding=\"async\" class=\"swiper-slide-image\" src=\"https:\/\/monasteriomadredediossevilla.com\/wp-content\/uploads\/elementor\/thumbs\/Diseno-sin-titulo-12-scaled-rfurm845qqhk8gbkcf63yygi96y4r6y8n454grk1kw.png\" alt=\"Pintura sobre tabla de finales del siglo XV de Santa Mar\u00eda del P\u00f3pulo\" \/><figcaption class=\"elementor-image-carousel-caption\">Pintura sobre tabla de finales del siglo XV de Santa Mar\u00eda del P\u00f3pulo<\/figcaption><\/figure><\/div>\t\t\t<\/div>\n\t\t\t\t\t\t\t\t\t\t\t\t<div class=\"elementor-swiper-button elementor-swiper-button-prev\" role=\"button\" tabindex=\"0\">\n\t\t\t\t\t\t<svg aria-hidden=\"true\" class=\"e-font-icon-svg e-eicon-chevron-left\" viewBox=\"0 0 1000 1000\" xmlns=\"http:\/\/www.w3.org\/2000\/svg\"><path d=\"M646 125C629 125 613 133 604 142L308 442C296 454 292 471 292 487 292 504 296 521 308 533L604 854C617 867 629 875 646 875 663 875 679 871 692 858 704 846 713 829 713 812 713 796 708 779 692 767L438 487 692 225C700 217 708 204 708 187 708 171 704 154 692 142 675 129 663 125 646 125Z\"><\/path><\/svg>\t\t\t\t\t<\/div>\n\t\t\t\t\t<div class=\"elementor-swiper-button elementor-swiper-button-next\" role=\"button\" tabindex=\"0\">\n\t\t\t\t\t\t<svg aria-hidden=\"true\" class=\"e-font-icon-svg e-eicon-chevron-right\" viewBox=\"0 0 1000 1000\" xmlns=\"http:\/\/www.w3.org\/2000\/svg\"><path d=\"M696 533C708 521 713 504 713 487 713 471 708 454 696 446L400 146C388 133 375 125 354 125 338 125 325 129 313 142 300 154 292 171 292 187 292 204 296 221 308 233L563 492 304 771C292 783 288 800 288 817 288 833 296 850 308 863 321 871 338 875 354 875 371 875 388 867 400 854L696 533Z\"><\/path><\/svg>\t\t\t\t\t<\/div>\n\t\t\t\t\n\t\t\t\t\t\t\t\t\t<div class=\"swiper-pagination\"><\/div>\n\t\t\t\t\t\t\t\t\t<\/div>\n\t\t\t\t\t\t<\/div>\n\t\t\t\t<\/div>\n\t\t\t\t<\/div>\n\t\t\t\t\t<\/div>\n\t\t\t\t<\/div>\n\t\t<div class=\"elementor-element elementor-element-4a98c8f e-flex e-con-boxed e-con e-parent\" data-id=\"4a98c8f\" data-element_type=\"container\" data-e-type=\"container\" data-settings=\"{&quot;background_background&quot;:&quot;classic&quot;}\">\n\t\t\t\t\t<div class=\"e-con-inner\">\n\t\t\t\t<div class=\"elementor-element elementor-element-d360e6c elementor-align-right elementor-widget elementor-widget-button\" data-id=\"d360e6c\" data-element_type=\"widget\" data-e-type=\"widget\" data-widget_type=\"button.default\">\n\t\t\t\t<div class=\"elementor-widget-container\">\n\t\t\t\t\t\t\t\t\t<div class=\"elementor-button-wrapper\">\n\t\t\t\t\t<a class=\"elementor-button elementor-button-link elementor-size-sm\" href=\"https:\/\/monasteriomadredediossevilla.com\/arte-e-historia\/\">\n\t\t\t\t\t\t<span class=\"elementor-button-content-wrapper\">\n\t\t\t\t\t\t<span class=\"elementor-button-icon\">\n\t\t\t\t<svg aria-hidden=\"true\" class=\"e-font-icon-svg e-fas-angle-double-left\" viewBox=\"0 0 448 512\" xmlns=\"http:\/\/www.w3.org\/2000\/svg\"><path d=\"M223.7 239l136-136c9.4-9.4 24.6-9.4 33.9 0l22.6 22.6c9.4 9.4 9.4 24.6 0 33.9L319.9 256l96.4 96.4c9.4 9.4 9.4 24.6 0 33.9L393.7 409c-9.4 9.4-24.6 9.4-33.9 0l-136-136c-9.5-9.4-9.5-24.6-.1-34zm-192 34l136 136c9.4 9.4 24.6 9.4 33.9 0l22.6-22.6c9.4-9.4 9.4-24.6 0-33.9L127.9 256l96.4-96.4c9.4-9.4 9.4-24.6 0-33.9L201.7 103c-9.4-9.4-24.6-9.4-33.9 0l-136 136c-9.5 9.4-9.5 24.6-.1 34z\"><\/path><\/svg>\t\t\t<\/span>\n\t\t\t\t\t\t\t\t\t<span class=\"elementor-button-text\">Regresar a Arte e historia<\/span>\n\t\t\t\t\t<\/span>\n\t\t\t\t\t<\/a>\n\t\t\t\t<\/div>\n\t\t\t\t\t\t\t\t<\/div>\n\t\t\t\t<\/div>\n\t\t\t\t<div class=\"elementor-element elementor-element-ab03c46 elementor-widget-divider--view-line elementor-widget elementor-widget-divider\" data-id=\"ab03c46\" data-element_type=\"widget\" data-e-type=\"widget\" data-widget_type=\"divider.default\">\n\t\t\t\t<div class=\"elementor-widget-container\">\n\t\t\t\t\t\t\t<div class=\"elementor-divider\">\n\t\t\t<span class=\"elementor-divider-separator\">\n\t\t\t\t\t\t<\/span>\n\t\t<\/div>\n\t\t\t\t\t\t<\/div>\n\t\t\t\t<\/div>\n\t\t\t\t\t<\/div>\n\t\t\t\t<\/div>\n\t\t\t\t<\/div>\n\t\t","protected":false},"excerpt":{"rendered":"<p>El retablo de la Virgen del Rosario, se realiz\u00f3 a petici\u00f3n de sor Mar\u00eda de la Resurrecci\u00f3n en 1593, siendo profesa en el monasterio. Como los retablos mencionados con anterioridad mantienen una estructura arquitect\u00f3nica del tipo de arco triunfa y su autor\u00eda pertenece tambi\u00e9n a Miguel Ad\u00e1n. La estructura del retablo se compone de dos [&hellip;]<\/p>\n","protected":false},"author":1,"featured_media":0,"parent":2168,"menu_order":0,"comment_status":"closed","ping_status":"closed","template":"elementor_header_footer","meta":{"ub_ctt_via":"","ocean_post_layout":"","ocean_both_sidebars_style":"","ocean_both_sidebars_content_width":0,"ocean_both_sidebars_sidebars_width":0,"ocean_sidebar":"","ocean_second_sidebar":"","ocean_disable_margins":"enable","ocean_add_body_class":"","ocean_shortcode_before_top_bar":"","ocean_shortcode_after_top_bar":"","ocean_shortcode_before_header":"","ocean_shortcode_after_header":"","ocean_has_shortcode":"","ocean_shortcode_after_title":"","ocean_shortcode_before_footer_widgets":"","ocean_shortcode_after_footer_widgets":"","ocean_shortcode_before_footer_bottom":"","ocean_shortcode_after_footer_bottom":"","ocean_display_top_bar":"default","ocean_display_header":"default","ocean_header_style":"","ocean_center_header_left_menu":"","ocean_custom_header_template":"","ocean_custom_logo":0,"ocean_custom_retina_logo":0,"ocean_custom_logo_max_width":0,"ocean_custom_logo_tablet_max_width":0,"ocean_custom_logo_mobile_max_width":0,"ocean_custom_logo_max_height":0,"ocean_custom_logo_tablet_max_height":0,"ocean_custom_logo_mobile_max_height":0,"ocean_header_custom_menu":"","ocean_menu_typo_font_family":"","ocean_menu_typo_font_subset":"","ocean_menu_typo_font_size":0,"ocean_menu_typo_font_size_tablet":0,"ocean_menu_typo_font_size_mobile":0,"ocean_menu_typo_font_size_unit":"px","ocean_menu_typo_font_weight":"","ocean_menu_typo_font_weight_tablet":"","ocean_menu_typo_font_weight_mobile":"","ocean_menu_typo_transform":"","ocean_menu_typo_transform_tablet":"","ocean_menu_typo_transform_mobile":"","ocean_menu_typo_line_height":0,"ocean_menu_typo_line_height_tablet":0,"ocean_menu_typo_line_height_mobile":0,"ocean_menu_typo_line_height_unit":"","ocean_menu_typo_spacing":0,"ocean_menu_typo_spacing_tablet":0,"ocean_menu_typo_spacing_mobile":0,"ocean_menu_typo_spacing_unit":"","ocean_menu_link_color":"","ocean_menu_link_color_hover":"","ocean_menu_link_color_active":"","ocean_menu_link_background":"","ocean_menu_link_hover_background":"","ocean_menu_link_active_background":"","ocean_menu_social_links_bg":"","ocean_menu_social_hover_links_bg":"","ocean_menu_social_links_color":"","ocean_menu_social_hover_links_color":"","ocean_disable_title":"default","ocean_disable_heading":"default","ocean_post_title":"","ocean_post_subheading":"","ocean_post_title_style":"","ocean_post_title_background_color":"","ocean_post_title_background":0,"ocean_post_title_bg_image_position":"","ocean_post_title_bg_image_attachment":"","ocean_post_title_bg_image_repeat":"","ocean_post_title_bg_image_size":"","ocean_post_title_height":0,"ocean_post_title_bg_overlay":0.5,"ocean_post_title_bg_overlay_color":"","ocean_disable_breadcrumbs":"default","ocean_breadcrumbs_color":"","ocean_breadcrumbs_separator_color":"","ocean_breadcrumbs_links_color":"","ocean_breadcrumbs_links_hover_color":"","ocean_display_footer_widgets":"default","ocean_display_footer_bottom":"default","ocean_custom_footer_template":"","footnotes":""},"class_list":["post-2262","page","type-page","status-publish","hentry","entry"],"featured_image_src":null,"_links":{"self":[{"href":"https:\/\/monasteriomadredediossevilla.com\/es_es\/wp-json\/wp\/v2\/pages\/2262","targetHints":{"allow":["GET"]}}],"collection":[{"href":"https:\/\/monasteriomadredediossevilla.com\/es_es\/wp-json\/wp\/v2\/pages"}],"about":[{"href":"https:\/\/monasteriomadredediossevilla.com\/es_es\/wp-json\/wp\/v2\/types\/page"}],"author":[{"embeddable":true,"href":"https:\/\/monasteriomadredediossevilla.com\/es_es\/wp-json\/wp\/v2\/users\/1"}],"replies":[{"embeddable":true,"href":"https:\/\/monasteriomadredediossevilla.com\/es_es\/wp-json\/wp\/v2\/comments?post=2262"}],"version-history":[{"count":16,"href":"https:\/\/monasteriomadredediossevilla.com\/es_es\/wp-json\/wp\/v2\/pages\/2262\/revisions"}],"predecessor-version":[{"id":2406,"href":"https:\/\/monasteriomadredediossevilla.com\/es_es\/wp-json\/wp\/v2\/pages\/2262\/revisions\/2406"}],"up":[{"embeddable":true,"href":"https:\/\/monasteriomadredediossevilla.com\/es_es\/wp-json\/wp\/v2\/pages\/2168"}],"wp:attachment":[{"href":"https:\/\/monasteriomadredediossevilla.com\/es_es\/wp-json\/wp\/v2\/media?parent=2262"}],"curies":[{"name":"wp","href":"https:\/\/api.w.org\/{rel}","templated":true}]}}