{"id":2273,"date":"2025-12-08T13:37:53","date_gmt":"2025-12-08T12:37:53","guid":{"rendered":"https:\/\/monasteriomadredediossevilla.com\/?page_id=2273"},"modified":"2025-12-08T13:54:18","modified_gmt":"2025-12-08T12:54:18","slug":"capilla-correo-mayor","status":"publish","type":"page","link":"https:\/\/monasteriomadredediossevilla.com\/es_es\/arte-e-historia\/capilla-correo-mayor\/","title":{"rendered":"Capilla del Correo Mayor"},"content":{"rendered":"\t\t<div data-elementor-type=\"wp-page\" data-elementor-id=\"2273\" class=\"elementor elementor-2273\">\n\t\t\t\t<div class=\"elementor-element elementor-element-af1811c e-flex e-con-boxed e-con e-parent\" data-id=\"af1811c\" data-element_type=\"container\" data-e-type=\"container\" data-settings=\"{&quot;background_background&quot;:&quot;classic&quot;}\">\n\t\t\t\t\t<div class=\"e-con-inner\">\n\t\t<div class=\"elementor-element elementor-element-4e7a37f e-con-full e-flex e-con e-child\" data-id=\"4e7a37f\" data-element_type=\"container\" data-e-type=\"container\">\n\t\t<div class=\"elementor-element elementor-element-c622224 e-con-full e-flex e-con e-child\" data-id=\"c622224\" data-element_type=\"container\" data-e-type=\"container\">\n\t\t\t\t<div class=\"elementor-element elementor-element-20f3115 elementor-widget-divider--view-line elementor-widget elementor-widget-divider\" data-id=\"20f3115\" data-element_type=\"widget\" data-e-type=\"widget\" data-widget_type=\"divider.default\">\n\t\t\t\t<div class=\"elementor-widget-container\">\n\t\t\t\t\t\t\t<div class=\"elementor-divider\">\n\t\t\t<span class=\"elementor-divider-separator\">\n\t\t\t\t\t\t<\/span>\n\t\t<\/div>\n\t\t\t\t\t\t<\/div>\n\t\t\t\t<\/div>\n\t\t\t\t<div class=\"elementor-element elementor-element-36e9c9a elementor-widget elementor-widget-text-editor\" data-id=\"36e9c9a\" data-element_type=\"widget\" data-e-type=\"widget\" data-widget_type=\"text-editor.default\">\n\t\t\t\t<div class=\"elementor-widget-container\">\n\t\t\t\t\t\t\t\t\t<p>Esta capilla, se encuentra situada frente al monumental cancel de la entrada al templo. Es una capilla de peque\u00f1as dimensiones pero con una historia material y humana de gran relevancia.<\/p>\n<p>La poderosa familia Jerez, con cargos importantes en el gobierno sevillano y en el Consejo de Indias, decide adquirir esta capilla, por la cercan\u00eda de su vivienda a la Iglesia. El padre de la familia era <b>Rodrigo de Jerez<\/b> que ser\u00e1 nombrado Correo Mayor, y el motivo de su fundaci\u00f3n no es otro que crear un lugar de enterramiento para \u00e9l, cuya construcci\u00f3n la ir\u00e1n realizando a su gusto durante el siglo XVI.<\/p>\n<p>En primer plano, antes de entrar a la capilla, se observa una reja de estilo plateresco forjada por el maestro Pedro Valera dividida en tres cuerpos horizontales, el primero donde se ubica la reja abatible de entrada, el siguiente cuerpo intermedio formado por la continuaci\u00f3n de la parte inferior y rematada por un escudo de armas enmarcado por un c\u00edrculo y flanqueado por im\u00e1genes de unos j\u00f3venes de estilo clasicista. Justo debajo del escudo se lee una inscripci\u00f3n con el a\u00f1o 1573, fecha que puede indicar la finalizaci\u00f3n de las obras de la capilla o de la propia reja.<\/p>\n<p>La techumbre de la capilla se compone de una b\u00f3veda decorada realizada en yeser\u00eda dibujando un motivo circular repetitivo. Presenta decoraci\u00f3n floral en su interior y un artesonado de estilo mud\u00e9jar, dorado y estofado, decorado a base de casetones en forma de oct\u00f3gonos.<\/p>\n<p>La l\u00e1pida de Rodrigo de Jerez se localiza a los pies de la entrada a la cripta de la capilla y es all\u00ed donde aparece el escudo de la familia, el mismo que se aprecia en la reja de la entrada.<\/p>\n<p>El elemento de mayor importancia en el interior es el retablo que preside la capilla, si\u00e9ndole atribuido a <b>Juan Bautista V\u00e1zquez el<\/b> <b>Viejo<\/b>. Este retablo acoge una pintura al \u00f3leo sobre tabla, siendo la protagonista de la misma. Representa la escena de la Sagrada Lanzada. Respecto a la autor\u00eda de esta pintura, han existido diversas atribuciones que han divagado entre Valdivieso, Alfi\u00e1n o Colmenares. Incluso algunos historiadores la atribuyen a Juan Bautista V\u00e1zquez el Viejo y otros a un seguidor de Pedro de Campa\u00f1a.<\/p>\n<p>En la parte superior de la tabla existe un front\u00f3n curvo que recoge un relieve escenificando el sepulcro del Se\u00f1or, dorado y policromado, acompa\u00f1ado por las figuras de la Virgen, las Santas Mujeres y Jos\u00e9 de Arimatea y Nicodemo en tonalidad blanca realzando el contraste. El arco del front\u00f3n donde se hallan se encuentra dorado.<\/p>\n<p>Posee una estructura formada por un pie de altar alicatado con azulejos y sobre \u00e9ste arranca el retablo compuesto por el banco. Continuando con dos columnas de inspiraci\u00f3n cl\u00e1sica sosteniendo un front\u00f3n.<\/p>\n<p>El retablo la Capilla del Correo Mayor, cuyo paramento est\u00e1 cubierto de azulejos, al igual que el frontal de altar, recreando un dibujo geom\u00e9trico rodeado por una doble cenefa con decoraci\u00f3n floral, destacando el azul cobalto y el amarillo. Por otro lado los muros de la capilla est\u00e1n decorados con azulejos que forman una ret\u00edcula floral destacando el colorido verde, azul y amarillo. Esta azulejer\u00eda es del a\u00f1o 1573, la m\u00e1s antigua del convento y fue pintada por <b>Alonso Garc\u00eda<\/b>.<\/p>\n<p>Actualmente se encuentra en proceso de restauraci\u00f3n.<\/p>\t\t\t\t\t\t\t\t<\/div>\n\t\t\t\t<\/div>\n\t\t\t\t<\/div>\n\t\t\t\t<div class=\"elementor-element elementor-element-f7bb24a elementor-align-right elementor-widget elementor-widget-button\" data-id=\"f7bb24a\" data-element_type=\"widget\" data-e-type=\"widget\" data-widget_type=\"button.default\">\n\t\t\t\t<div class=\"elementor-widget-container\">\n\t\t\t\t\t\t\t\t\t<div class=\"elementor-button-wrapper\">\n\t\t\t\t\t<a class=\"elementor-button elementor-button-link elementor-size-sm\" href=\"https:\/\/monasteriomadredediossevilla.com\/arte-e-historia\/\">\n\t\t\t\t\t\t<span class=\"elementor-button-content-wrapper\">\n\t\t\t\t\t\t<span class=\"elementor-button-icon\">\n\t\t\t\t<svg aria-hidden=\"true\" class=\"e-font-icon-svg e-fas-angle-double-left\" viewBox=\"0 0 448 512\" xmlns=\"http:\/\/www.w3.org\/2000\/svg\"><path d=\"M223.7 239l136-136c9.4-9.4 24.6-9.4 33.9 0l22.6 22.6c9.4 9.4 9.4 24.6 0 33.9L319.9 256l96.4 96.4c9.4 9.4 9.4 24.6 0 33.9L393.7 409c-9.4 9.4-24.6 9.4-33.9 0l-136-136c-9.5-9.4-9.5-24.6-.1-34zm-192 34l136 136c9.4 9.4 24.6 9.4 33.9 0l22.6-22.6c9.4-9.4 9.4-24.6 0-33.9L127.9 256l96.4-96.4c9.4-9.4 9.4-24.6 0-33.9L201.7 103c-9.4-9.4-24.6-9.4-33.9 0l-136 136c-9.5 9.4-9.5 24.6-.1 34z\"><\/path><\/svg>\t\t\t<\/span>\n\t\t\t\t\t\t\t\t\t<span class=\"elementor-button-text\">regresar a arte e historia<\/span>\n\t\t\t\t\t<\/span>\n\t\t\t\t\t<\/a>\n\t\t\t\t<\/div>\n\t\t\t\t\t\t\t\t<\/div>\n\t\t\t\t<\/div>\n\t\t\t\t<div class=\"elementor-element elementor-element-92e779a elementor-widget-divider--view-line elementor-widget elementor-widget-divider\" data-id=\"92e779a\" data-element_type=\"widget\" data-e-type=\"widget\" data-widget_type=\"divider.default\">\n\t\t\t\t<div class=\"elementor-widget-container\">\n\t\t\t\t\t\t\t<div class=\"elementor-divider\">\n\t\t\t<span class=\"elementor-divider-separator\">\n\t\t\t\t\t\t<\/span>\n\t\t<\/div>\n\t\t\t\t\t\t<\/div>\n\t\t\t\t<\/div>\n\t\t\t\t<\/div>\n\t\t\t\t\t<\/div>\n\t\t\t\t<\/div>\n\t\t\t\t<\/div>\n\t\t","protected":false},"excerpt":{"rendered":"<p>Esta capilla, se encuentra situada frente al monumental cancel de la entrada al templo. Es una capilla de peque\u00f1as dimensiones pero con una historia material y humana de gran relevancia. La poderosa familia Jerez, con cargos importantes en el gobierno sevillano y en el Consejo de Indias, decide adquirir esta capilla, por la cercan\u00eda de [&hellip;]<\/p>\n","protected":false},"author":1,"featured_media":0,"parent":2168,"menu_order":0,"comment_status":"closed","ping_status":"closed","template":"elementor_header_footer","meta":{"ub_ctt_via":"","ocean_post_layout":"","ocean_both_sidebars_style":"","ocean_both_sidebars_content_width":0,"ocean_both_sidebars_sidebars_width":0,"ocean_sidebar":"","ocean_second_sidebar":"","ocean_disable_margins":"enable","ocean_add_body_class":"","ocean_shortcode_before_top_bar":"","ocean_shortcode_after_top_bar":"","ocean_shortcode_before_header":"","ocean_shortcode_after_header":"","ocean_has_shortcode":"","ocean_shortcode_after_title":"","ocean_shortcode_before_footer_widgets":"","ocean_shortcode_after_footer_widgets":"","ocean_shortcode_before_footer_bottom":"","ocean_shortcode_after_footer_bottom":"","ocean_display_top_bar":"default","ocean_display_header":"default","ocean_header_style":"","ocean_center_header_left_menu":"","ocean_custom_header_template":"","ocean_custom_logo":0,"ocean_custom_retina_logo":0,"ocean_custom_logo_max_width":0,"ocean_custom_logo_tablet_max_width":0,"ocean_custom_logo_mobile_max_width":0,"ocean_custom_logo_max_height":0,"ocean_custom_logo_tablet_max_height":0,"ocean_custom_logo_mobile_max_height":0,"ocean_header_custom_menu":"","ocean_menu_typo_font_family":"","ocean_menu_typo_font_subset":"","ocean_menu_typo_font_size":0,"ocean_menu_typo_font_size_tablet":0,"ocean_menu_typo_font_size_mobile":0,"ocean_menu_typo_font_size_unit":"px","ocean_menu_typo_font_weight":"","ocean_menu_typo_font_weight_tablet":"","ocean_menu_typo_font_weight_mobile":"","ocean_menu_typo_transform":"","ocean_menu_typo_transform_tablet":"","ocean_menu_typo_transform_mobile":"","ocean_menu_typo_line_height":0,"ocean_menu_typo_line_height_tablet":0,"ocean_menu_typo_line_height_mobile":0,"ocean_menu_typo_line_height_unit":"","ocean_menu_typo_spacing":0,"ocean_menu_typo_spacing_tablet":0,"ocean_menu_typo_spacing_mobile":0,"ocean_menu_typo_spacing_unit":"","ocean_menu_link_color":"","ocean_menu_link_color_hover":"","ocean_menu_link_color_active":"","ocean_menu_link_background":"","ocean_menu_link_hover_background":"","ocean_menu_link_active_background":"","ocean_menu_social_links_bg":"","ocean_menu_social_hover_links_bg":"","ocean_menu_social_links_color":"","ocean_menu_social_hover_links_color":"","ocean_disable_title":"default","ocean_disable_heading":"default","ocean_post_title":"","ocean_post_subheading":"","ocean_post_title_style":"","ocean_post_title_background_color":"","ocean_post_title_background":0,"ocean_post_title_bg_image_position":"","ocean_post_title_bg_image_attachment":"","ocean_post_title_bg_image_repeat":"","ocean_post_title_bg_image_size":"","ocean_post_title_height":0,"ocean_post_title_bg_overlay":0.5,"ocean_post_title_bg_overlay_color":"","ocean_disable_breadcrumbs":"default","ocean_breadcrumbs_color":"","ocean_breadcrumbs_separator_color":"","ocean_breadcrumbs_links_color":"","ocean_breadcrumbs_links_hover_color":"","ocean_display_footer_widgets":"default","ocean_display_footer_bottom":"default","ocean_custom_footer_template":"","footnotes":""},"class_list":["post-2273","page","type-page","status-publish","hentry","entry"],"featured_image_src":null,"_links":{"self":[{"href":"https:\/\/monasteriomadredediossevilla.com\/es_es\/wp-json\/wp\/v2\/pages\/2273","targetHints":{"allow":["GET"]}}],"collection":[{"href":"https:\/\/monasteriomadredediossevilla.com\/es_es\/wp-json\/wp\/v2\/pages"}],"about":[{"href":"https:\/\/monasteriomadredediossevilla.com\/es_es\/wp-json\/wp\/v2\/types\/page"}],"author":[{"embeddable":true,"href":"https:\/\/monasteriomadredediossevilla.com\/es_es\/wp-json\/wp\/v2\/users\/1"}],"replies":[{"embeddable":true,"href":"https:\/\/monasteriomadredediossevilla.com\/es_es\/wp-json\/wp\/v2\/comments?post=2273"}],"version-history":[{"count":13,"href":"https:\/\/monasteriomadredediossevilla.com\/es_es\/wp-json\/wp\/v2\/pages\/2273\/revisions"}],"predecessor-version":[{"id":2400,"href":"https:\/\/monasteriomadredediossevilla.com\/es_es\/wp-json\/wp\/v2\/pages\/2273\/revisions\/2400"}],"up":[{"embeddable":true,"href":"https:\/\/monasteriomadredediossevilla.com\/es_es\/wp-json\/wp\/v2\/pages\/2168"}],"wp:attachment":[{"href":"https:\/\/monasteriomadredediossevilla.com\/es_es\/wp-json\/wp\/v2\/media?parent=2273"}],"curies":[{"name":"wp","href":"https:\/\/api.w.org\/{rel}","templated":true}]}}